{"id":9780,"date":"2024-01-17T03:09:38","date_gmt":"2024-01-17T03:09:38","guid":{"rendered":"https:\/\/bddance.lt\/krepselis\/"},"modified":"2025-12-22T15:29:40","modified_gmt":"2025-12-22T15:29:40","slug":"krepselis","status":"publish","type":"page","link":"https:\/\/bddance.lt\/lt\/krepselis\/","title":{"rendered":"Krep\u0161elis"},"content":{"rendered":"\n<div data-block-name=\"woocommerce\/cart\" class=\"wp-block-woocommerce-cart alignwide is-loading\">\n<div data-block-name=\"woocommerce\/filled-cart-block\" class=\"wp-block-woocommerce-filled-cart-block\">\n<div data-block-name=\"woocommerce\/cart-items-block\" class=\"wp-block-woocommerce-cart-items-block\">\n<div data-block-name=\"woocommerce\/cart-line-items-block\" data-translated-with-w-p-m-l-t-m=\"1\" class=\"wp-block-woocommerce-cart-line-items-block\"\/>\n\n\n\n<div data-block-name=\"woocommerce\/cart-cross-sells-block\" class=\"wp-block-woocommerce-cart-cross-sells-block\">\n<h2 class=\"wp-block-heading has-large-font-size\">Jus gali dominti&#8230;<\/h2>\n\n\n\n<div data-block-name=\"woocommerce\/cart-cross-sells-products-block\" data-translated-with-w-p-m-l-t-m=\"1\" class=\"wp-block-woocommerce-cart-cross-sells-products-block\"\/>\n<\/div>\n<\/div>\n\n\n\n<div data-block-name=\"woocommerce\/cart-totals-block\" class=\"wp-block-woocommerce-cart-totals-block\">\n<div data-block-name=\"woocommerce\/cart-order-summary-block\" class=\"wp-block-woocommerce-cart-order-summary-block\">\n\t\t\t<div data-block-name=\"woocommerce\/cart-order-summary-heading-block\" class=\"wp-block-woocommerce-cart-order-summary-heading-block\"><\/div>\n\t\t\t<div data-block-name=\"woocommerce\/cart-order-summary-subtotal-block\" class=\"wp-block-woocommerce-cart-order-summary-subtotal-block\"><\/div>\n\t\t\t<div data-block-name=\"woocommerce\/cart-order-summary-fee-block\" class=\"wp-block-woocommerce-cart-order-summary-fee-block\"><\/div>\n\t\t\t<div data-block-name=\"woocommerce\/cart-order-summary-discount-block\" class=\"wp-block-woocommerce-cart-order-summary-discount-block\"><\/div>\n\t\t\t<div data-block-name=\"woocommerce\/cart-order-summary-coupon-form-block\" class=\"wp-block-woocommerce-cart-order-summary-coupon-form-block\"><\/div>\n\t\t\t<div data-block-name=\"woocommerce\/cart-order-summary-shipping-form-block\" class=\"wp-block-woocommerce-cart-order-summary-shipping-block\"><\/div>\n\t\t\t<div data-block-name=\"woocommerce\/cart-order-summary-taxes-block\" class=\"wp-block-woocommerce-cart-order-summary-taxes-block\"><\/div>\n\t\t\n<div data-block-name=\"woocommerce\/cart-order-summary-heading-block\" class=\"wp-block-woocommerce-cart-order-summary-heading-block\"><\/div><div data-block-name=\"woocommerce\/cart-order-summary-coupon-form-block\" data-translated-with-w-p-m-l-t-m=\"1\" class=\"wp-block-woocommerce-cart-order-summary-coupon-form-block\"\/>\n\n\n\n<div data-block-name=\"woocommerce\/cart-express-payment-block\" data-translated-with-w-p-m-l-t-m=\"1\" class=\"wp-block-woocommerce-cart-express-payment-block\"\/>\n\n\n\n<div data-block-name=\"woocommerce\/proceed-to-checkout-block\" class=\"wp-block-woocommerce-proceed-to-checkout-block\"><\/div>\n\n\n\n<div data-block-name=\"woocommerce\/cart-accepted-payment-methods-block\" data-translated-with-w-p-m-l-t-m=\"1\" class=\"wp-block-woocommerce-cart-accepted-payment-methods-block\"\/>\n<\/div>\n<\/div>\n\n\n\n<div data-block-name=\"woocommerce\/empty-cart-block\" class=\"wp-block-woocommerce-empty-cart-block\">\n<h2 class=\"wp-block-heading has-text-align-center with-empty-cart-icon wc-block-cart__empty-cart__title\">J\u016bs\u0173 krep\u0161elis \u0161iuo metu tu\u0161\u010dias!<\/h2>\n\n\n\n<hr class=\"wp-block-separator has-alpha-channel-opacity is-style-dots\"\/>\n\n\n\n<h2 class=\"wp-block-heading has-text-align-center\">Naujiena parduotuv\u0117je<\/h2>\n\n\n<div data-block-name=\"woocommerce\/product-new\" data-columns=\"4\" data-rows=\"1\" class=\"wc-block-grid wp-block-product-new wp-block-woocommerce-product-new wc-block-product-new has-4-columns\"><ul class=\"wc-block-grid__products\"><li class=\"wc-block-grid__product\">\n\t\t\t\t<a href=\"https:\/\/bddance.lt\/lt\/product\/bd-217-pu-oda-tan-85-cm-plonas\/\" class=\"wc-block-grid__product-link\">\n\t\t\t\t\t\n\t\t\t\t\t<div class=\"wc-block-grid__product-image\"><img fetchpriority=\"high\" decoding=\"async\" width=\"700\" height=\"700\" src=\"https:\/\/bddance.lt\/wp-content\/uploads\/2026\/02\/1_1-700x700.jpg\" class=\"attachment-woocommerce_thumbnail size-woocommerce_thumbnail\" alt=\"BD 217 PU oda Tan (8,5 cm plonas)\" srcset=\"https:\/\/bddance.lt\/wp-content\/uploads\/2026\/02\/1_1-700x700.jpg 700w, https:\/\/bddance.lt\/wp-content\/uploads\/2026\/02\/1_1-300x300.jpg 300w, https:\/\/bddance.lt\/wp-content\/uploads\/2026\/02\/1_1-1024x1024.jpg 1024w, https:\/\/bddance.lt\/wp-content\/uploads\/2026\/02\/1_1-150x150.jpg 150w, https:\/\/bddance.lt\/wp-content\/uploads\/2026\/02\/1_1-768x768.jpg 768w, https:\/\/bddance.lt\/wp-content\/uploads\/2026\/02\/1_1-1536x1536.jpg 1536w, https:\/\/bddance.lt\/wp-content\/uploads\/2026\/02\/1_1-2048x2048.jpg 2048w, https:\/\/bddance.lt\/wp-content\/uploads\/2026\/02\/1_1-1100x1100.jpg 1100w, https:\/\/bddance.lt\/wp-content\/uploads\/2026\/02\/1_1-1000x1000.jpg 1000w, https:\/\/bddance.lt\/wp-content\/uploads\/2026\/02\/1_1-250x250.jpg 250w, https:\/\/bddance.lt\/wp-content\/uploads\/2026\/02\/1_1-50x50.jpg 50w, https:\/\/bddance.lt\/wp-content\/uploads\/2026\/02\/1_1-100x100.jpg 100w\" sizes=\"(max-width: 700px) 100vw, 700px\" \/><\/div>\n\t\t\t\t\t<div class=\"wc-block-grid__product-title\">BD 217 PU oda Tan (8,5 cm plonas)<\/div>\n\t\t\t\t<\/a>\n\t\t\t\t<div class=\"wc-block-grid__product-price price\"><span class=\"woocommerce-Price-amount amount\">110,25&nbsp;<span class=\"woocommerce-Price-currencySymbol\">&euro;<\/span><\/span><\/div>\n\t\t\t\t\n\t\t\t\t<div class=\"wp-block-button wc-block-grid__product-add-to-cart\"><a href=\"https:\/\/bddance.lt\/lt\/product\/bd-217-pu-oda-tan-85-cm-plonas\/\" aria-label=\"Pasirinkti savybes: &ldquo;BD 217 PU oda Tan (8,5 cm plonas)&rdquo;\" data-quantity=\"1\" data-product_id=\"13838\" data-product_sku=\"\" data-price=\"110.25\" rel=\"nofollow\" class=\"wp-block-button__link  add_to_cart_button\">Pasirinkti savybes<\/a><\/div>\n\t\t\t<\/li><li class=\"wc-block-grid__product\">\n\t\t\t\t<a href=\"https:\/\/bddance.lt\/lt\/product\/bd-137-satin-white-5-cm-ilgio-isplatejimas-65-cm-ilgio-isplatejimas\/\" class=\"wc-block-grid__product-link\">\n\t\t\t\t\t\n\t\t\t\t\t<div class=\"wc-block-grid__product-image\"><img decoding=\"async\" width=\"700\" height=\"700\" src=\"https:\/\/bddance.lt\/wp-content\/uploads\/2026\/02\/3_1-700x700.jpg\" class=\"attachment-woocommerce_thumbnail size-woocommerce_thumbnail\" alt=\"BD 137 Satin White (5 cm ilgio i\u0161plat\u0117jimas \/ 6,5 cm ilgio i\u0161plat\u0117jimas)\" srcset=\"https:\/\/bddance.lt\/wp-content\/uploads\/2026\/02\/3_1-700x700.jpg 700w, https:\/\/bddance.lt\/wp-content\/uploads\/2026\/02\/3_1-300x300.jpg 300w, https:\/\/bddance.lt\/wp-content\/uploads\/2026\/02\/3_1-1024x1024.jpg 1024w, https:\/\/bddance.lt\/wp-content\/uploads\/2026\/02\/3_1-150x150.jpg 150w, https:\/\/bddance.lt\/wp-content\/uploads\/2026\/02\/3_1-768x768.jpg 768w, https:\/\/bddance.lt\/wp-content\/uploads\/2026\/02\/3_1-1536x1536.jpg 1536w, https:\/\/bddance.lt\/wp-content\/uploads\/2026\/02\/3_1-2048x2048.jpg 2048w, https:\/\/bddance.lt\/wp-content\/uploads\/2026\/02\/3_1-1100x1100.jpg 1100w, https:\/\/bddance.lt\/wp-content\/uploads\/2026\/02\/3_1-1000x1000.jpg 1000w, https:\/\/bddance.lt\/wp-content\/uploads\/2026\/02\/3_1-250x250.jpg 250w, https:\/\/bddance.lt\/wp-content\/uploads\/2026\/02\/3_1-50x50.jpg 50w, https:\/\/bddance.lt\/wp-content\/uploads\/2026\/02\/3_1-100x100.jpg 100w\" sizes=\"(max-width: 700px) 100vw, 700px\" \/><\/div>\n\t\t\t\t\t<div class=\"wc-block-grid__product-title\">BD 137 Satin White (5 cm ilgio i\u0161plat\u0117jimas \/ 6,5 cm ilgio i\u0161plat\u0117jimas)<\/div>\n\t\t\t\t<\/a>\n\t\t\t\t<div class=\"wc-block-grid__product-price price\"><span class=\"woocommerce-Price-amount amount\">105,00&nbsp;<span class=\"woocommerce-Price-currencySymbol\">&euro;<\/span><\/span><\/div>\n\t\t\t\t\n\t\t\t\t<div class=\"wp-block-button wc-block-grid__product-add-to-cart\"><a href=\"https:\/\/bddance.lt\/lt\/product\/bd-137-satin-white-5-cm-ilgio-isplatejimas-65-cm-ilgio-isplatejimas\/\" aria-label=\"Pasirinkti savybes: &ldquo;BD 137 Satin White (5 cm ilgio i\u0161plat\u0117jimas \/ 6,5 cm ilgio i\u0161plat\u0117jimas)&rdquo;\" data-quantity=\"1\" data-product_id=\"13813\" data-product_sku=\"\" data-price=\"105\" rel=\"nofollow\" class=\"wp-block-button__link  add_to_cart_button\">Pasirinkti savybes<\/a><\/div>\n\t\t\t<\/li><li class=\"wc-block-grid__product\">\n\t\t\t\t<a href=\"https:\/\/bddance.lt\/lt\/product\/bd-137-satin-light-tan-5-cm-ilgio-rastas-65-cm-ilgio-rastas\/\" class=\"wc-block-grid__product-link\">\n\t\t\t\t\t\n\t\t\t\t\t<div class=\"wc-block-grid__product-image\"><img decoding=\"async\" width=\"700\" height=\"700\" src=\"https:\/\/bddance.lt\/wp-content\/uploads\/2026\/02\/2_1-700x700.jpg\" class=\"attachment-woocommerce_thumbnail size-woocommerce_thumbnail\" alt=\"BD 137 Satin Light Tan (5 cm plat\u0117jantis kulnas \/ 6,5 cm plat\u0117jantis kulnas)\" srcset=\"https:\/\/bddance.lt\/wp-content\/uploads\/2026\/02\/2_1-700x700.jpg 700w, https:\/\/bddance.lt\/wp-content\/uploads\/2026\/02\/2_1-300x300.jpg 300w, https:\/\/bddance.lt\/wp-content\/uploads\/2026\/02\/2_1-1024x1024.jpg 1024w, https:\/\/bddance.lt\/wp-content\/uploads\/2026\/02\/2_1-150x150.jpg 150w, https:\/\/bddance.lt\/wp-content\/uploads\/2026\/02\/2_1-768x768.jpg 768w, https:\/\/bddance.lt\/wp-content\/uploads\/2026\/02\/2_1-1536x1536.jpg 1536w, https:\/\/bddance.lt\/wp-content\/uploads\/2026\/02\/2_1-2048x2048.jpg 2048w, https:\/\/bddance.lt\/wp-content\/uploads\/2026\/02\/2_1-1100x1100.jpg 1100w, https:\/\/bddance.lt\/wp-content\/uploads\/2026\/02\/2_1-1000x1000.jpg 1000w, https:\/\/bddance.lt\/wp-content\/uploads\/2026\/02\/2_1-250x250.jpg 250w, https:\/\/bddance.lt\/wp-content\/uploads\/2026\/02\/2_1-50x50.jpg 50w, https:\/\/bddance.lt\/wp-content\/uploads\/2026\/02\/2_1-100x100.jpg 100w\" sizes=\"(max-width: 700px) 100vw, 700px\" \/><\/div>\n\t\t\t\t\t<div class=\"wc-block-grid__product-title\">BD 137 Satin Light Tan (5 cm plat\u0117jantis kulnas \/ 6,5 cm plat\u0117jantis kulnas)<\/div>\n\t\t\t\t<\/a>\n\t\t\t\t<div class=\"wc-block-grid__product-price price\"><span class=\"woocommerce-Price-amount amount\">105,00&nbsp;<span class=\"woocommerce-Price-currencySymbol\">&euro;<\/span><\/span><\/div>\n\t\t\t\t\n\t\t\t\t<div class=\"wp-block-button wc-block-grid__product-add-to-cart\"><a href=\"https:\/\/bddance.lt\/lt\/product\/bd-137-satin-light-tan-5-cm-ilgio-rastas-65-cm-ilgio-rastas\/\" aria-label=\"Pasirinkti savybes: &ldquo;BD 137 Satin Light Tan (5 cm plat\u0117jantis kulnas \/ 6,5 cm plat\u0117jantis kulnas)&rdquo;\" data-quantity=\"1\" data-product_id=\"13795\" data-product_sku=\"\" data-price=\"105\" rel=\"nofollow\" class=\"wp-block-button__link  add_to_cart_button\">Pasirinkti savybes<\/a><\/div>\n\t\t\t<\/li><li class=\"wc-block-grid__product\">\n\t\t\t\t<a href=\"https:\/\/bddance.lt\/lt\/product\/bd-2307-satin-medium-tan-8-cm-ilgio\/\" class=\"wc-block-grid__product-link\">\n\t\t\t\t\t\n\t\t\t\t\t<div class=\"wc-block-grid__product-image\"><img loading=\"lazy\" decoding=\"async\" width=\"700\" height=\"700\" src=\"https:\/\/bddance.lt\/wp-content\/uploads\/2025\/09\/sokiu-bateliai-2025.08.04_1-1-copy-700x700.jpg\" class=\"attachment-woocommerce_thumbnail size-woocommerce_thumbnail\" alt=\"BD 2307 Satin Medium Tan (8, cm ilgio)\" srcset=\"https:\/\/bddance.lt\/wp-content\/uploads\/2025\/09\/sokiu-bateliai-2025.08.04_1-1-copy-700x700.jpg 700w, https:\/\/bddance.lt\/wp-content\/uploads\/2025\/09\/sokiu-bateliai-2025.08.04_1-1-copy-300x300.jpg 300w, https:\/\/bddance.lt\/wp-content\/uploads\/2025\/09\/sokiu-bateliai-2025.08.04_1-1-copy-1024x1024.jpg 1024w, https:\/\/bddance.lt\/wp-content\/uploads\/2025\/09\/sokiu-bateliai-2025.08.04_1-1-copy-150x150.jpg 150w, https:\/\/bddance.lt\/wp-content\/uploads\/2025\/09\/sokiu-bateliai-2025.08.04_1-1-copy-768x768.jpg 768w, https:\/\/bddance.lt\/wp-content\/uploads\/2025\/09\/sokiu-bateliai-2025.08.04_1-1-copy-1536x1536.jpg 1536w, https:\/\/bddance.lt\/wp-content\/uploads\/2025\/09\/sokiu-bateliai-2025.08.04_1-1-copy-2048x2048.jpg 2048w, https:\/\/bddance.lt\/wp-content\/uploads\/2025\/09\/sokiu-bateliai-2025.08.04_1-1-copy-1100x1100.jpg 1100w, https:\/\/bddance.lt\/wp-content\/uploads\/2025\/09\/sokiu-bateliai-2025.08.04_1-1-copy-1000x1000.jpg 1000w, https:\/\/bddance.lt\/wp-content\/uploads\/2025\/09\/sokiu-bateliai-2025.08.04_1-1-copy-250x250.jpg 250w, https:\/\/bddance.lt\/wp-content\/uploads\/2025\/09\/sokiu-bateliai-2025.08.04_1-1-copy-50x50.jpg 50w, https:\/\/bddance.lt\/wp-content\/uploads\/2025\/09\/sokiu-bateliai-2025.08.04_1-1-copy-100x100.jpg 100w\" sizes=\"(max-width: 700px) 100vw, 700px\" \/><\/div>\n\t\t\t\t\t<div class=\"wc-block-grid__product-title\">BD 2307 Satin Medium Tan (8, cm ilgio)<\/div>\n\t\t\t\t<\/a>\n\t\t\t\t<div class=\"wc-block-grid__product-price price\"><span class=\"woocommerce-Price-amount amount\">105,00&nbsp;<span class=\"woocommerce-Price-currencySymbol\">&euro;<\/span><\/span><\/div>\n\t\t\t\t\n\t\t\t\t<div class=\"wp-block-button wc-block-grid__product-add-to-cart\"><a href=\"https:\/\/bddance.lt\/lt\/product\/bd-2307-satin-medium-tan-8-cm-ilgio\/\" aria-label=\"Pasirinkti savybes: &ldquo;BD 2307 Satin Medium Tan (8, cm ilgio)&rdquo;\" data-quantity=\"1\" data-product_id=\"13123\" data-product_sku=\"\" data-price=\"105\" rel=\"nofollow\" class=\"wp-block-button__link  add_to_cart_button\">Pasirinkti savybes<\/a><\/div>\n\t\t\t<\/li><\/ul><\/div><\/div>\n<\/div>\n","protected":false},"excerpt":{"rendered":"","protected":false},"author":1,"featured_media":0,"parent":0,"menu_order":0,"comment_status":"closed","ping_status":"closed","template":"","meta":{"footnotes":""},"class_list":["post-9780","page","type-page","status-publish","hentry"],"yoast_head":"<!-- This site is optimized with the Yoast SEO plugin v27.2 - https:\/\/yoast.com\/product\/yoast-seo-wordpress\/ -->\n<title>Krep\u0161elis - Dance shoes. Latin, classic, childrens, trainers shoes online shop.<\/title>\n<meta name=\"robots\" content=\"index, follow, max-snippet:-1, max-image-preview:large, max-video-preview:-1\" \/>\n<link rel=\"canonical\" href=\"https:\/\/bddance.lt\/lt\/krepselis\/\" \/>\n<meta property=\"og:locale\" content=\"lt_LT\" \/>\n<meta property=\"og:type\" content=\"article\" \/>\n<meta property=\"og:title\" content=\"Krep\u0161elis - Dance shoes. Latin, classic, childrens, trainers shoes online shop.\" \/>\n<meta property=\"og:url\" content=\"https:\/\/bddance.lt\/lt\/krepselis\/\" \/>\n<meta property=\"og:site_name\" content=\"Dance shoes. Latin, classic, childrens, trainers shoes online shop.\" \/>\n<meta property=\"article:modified_time\" content=\"2025-12-22T15:29:40+00:00\" \/>\n<meta name=\"twitter:card\" content=\"summary_large_image\" \/>\n<script type=\"application\/ld+json\" class=\"yoast-schema-graph\">{\"@context\":\"https:\/\/schema.org\",\"@graph\":[{\"@type\":\"WebPage\",\"@id\":\"https:\/\/bddance.lt\/lt\/krepselis\/\",\"url\":\"https:\/\/bddance.lt\/lt\/krepselis\/\",\"name\":\"Krep\u0161elis - Dance shoes. Latin, classic, childrens, trainers shoes online shop.\",\"isPartOf\":{\"@id\":\"https:\/\/bddance.lt\/lt\/#website\"},\"datePublished\":\"2024-01-17T03:09:38+00:00\",\"dateModified\":\"2025-12-22T15:29:40+00:00\",\"breadcrumb\":{\"@id\":\"https:\/\/bddance.lt\/lt\/krepselis\/#breadcrumb\"},\"inLanguage\":\"lt-LT\",\"potentialAction\":[{\"@type\":\"ReadAction\",\"target\":[\"https:\/\/bddance.lt\/lt\/krepselis\/\"]}]},{\"@type\":\"BreadcrumbList\",\"@id\":\"https:\/\/bddance.lt\/lt\/krepselis\/#breadcrumb\",\"itemListElement\":[{\"@type\":\"ListItem\",\"position\":1,\"name\":\"Home\",\"item\":\"https:\/\/bddance.lt\/lt\/\"},{\"@type\":\"ListItem\",\"position\":2,\"name\":\"Krep\u0161elis\"}]},{\"@type\":\"WebSite\",\"@id\":\"https:\/\/bddance.lt\/lt\/#website\",\"url\":\"https:\/\/bddance.lt\/lt\/\",\"name\":\"Dance shoes. Latin, classic, childrens, trainers shoes online shop.\",\"description\":\"\",\"potentialAction\":[{\"@type\":\"SearchAction\",\"target\":{\"@type\":\"EntryPoint\",\"urlTemplate\":\"https:\/\/bddance.lt\/lt\/?s={search_term_string}\"},\"query-input\":{\"@type\":\"PropertyValueSpecification\",\"valueRequired\":true,\"valueName\":\"search_term_string\"}}],\"inLanguage\":\"lt-LT\"}]}<\/script>\n<!-- \/ Yoast SEO plugin. -->","yoast_head_json":{"title":"Krep\u0161elis - Dance shoes. Latin, classic, childrens, trainers shoes online shop.","robots":{"index":"index","follow":"follow","max-snippet":"max-snippet:-1","max-image-preview":"max-image-preview:large","max-video-preview":"max-video-preview:-1"},"canonical":"https:\/\/bddance.lt\/lt\/krepselis\/","og_locale":"lt_LT","og_type":"article","og_title":"Krep\u0161elis - Dance shoes. Latin, classic, childrens, trainers shoes online shop.","og_url":"https:\/\/bddance.lt\/lt\/krepselis\/","og_site_name":"Dance shoes. Latin, classic, childrens, trainers shoes online shop.","article_modified_time":"2025-12-22T15:29:40+00:00","twitter_card":"summary_large_image","schema":{"@context":"https:\/\/schema.org","@graph":[{"@type":"WebPage","@id":"https:\/\/bddance.lt\/lt\/krepselis\/","url":"https:\/\/bddance.lt\/lt\/krepselis\/","name":"Krep\u0161elis - Dance shoes. Latin, classic, childrens, trainers shoes online shop.","isPartOf":{"@id":"https:\/\/bddance.lt\/lt\/#website"},"datePublished":"2024-01-17T03:09:38+00:00","dateModified":"2025-12-22T15:29:40+00:00","breadcrumb":{"@id":"https:\/\/bddance.lt\/lt\/krepselis\/#breadcrumb"},"inLanguage":"lt-LT","potentialAction":[{"@type":"ReadAction","target":["https:\/\/bddance.lt\/lt\/krepselis\/"]}]},{"@type":"BreadcrumbList","@id":"https:\/\/bddance.lt\/lt\/krepselis\/#breadcrumb","itemListElement":[{"@type":"ListItem","position":1,"name":"Home","item":"https:\/\/bddance.lt\/lt\/"},{"@type":"ListItem","position":2,"name":"Krep\u0161elis"}]},{"@type":"WebSite","@id":"https:\/\/bddance.lt\/lt\/#website","url":"https:\/\/bddance.lt\/lt\/","name":"Dance shoes. Latin, classic, childrens, trainers shoes online shop.","description":"","potentialAction":[{"@type":"SearchAction","target":{"@type":"EntryPoint","urlTemplate":"https:\/\/bddance.lt\/lt\/?s={search_term_string}"},"query-input":{"@type":"PropertyValueSpecification","valueRequired":true,"valueName":"search_term_string"}}],"inLanguage":"lt-LT"}]}},"_links":{"self":[{"href":"https:\/\/bddance.lt\/lt\/wp-json\/wp\/v2\/pages\/9780","targetHints":{"allow":["GET"]}}],"collection":[{"href":"https:\/\/bddance.lt\/lt\/wp-json\/wp\/v2\/pages"}],"about":[{"href":"https:\/\/bddance.lt\/lt\/wp-json\/wp\/v2\/types\/page"}],"author":[{"embeddable":true,"href":"https:\/\/bddance.lt\/lt\/wp-json\/wp\/v2\/users\/1"}],"replies":[{"embeddable":true,"href":"https:\/\/bddance.lt\/lt\/wp-json\/wp\/v2\/comments?post=9780"}],"version-history":[{"count":3,"href":"https:\/\/bddance.lt\/lt\/wp-json\/wp\/v2\/pages\/9780\/revisions"}],"predecessor-version":[{"id":13620,"href":"https:\/\/bddance.lt\/lt\/wp-json\/wp\/v2\/pages\/9780\/revisions\/13620"}],"wp:attachment":[{"href":"https:\/\/bddance.lt\/lt\/wp-json\/wp\/v2\/media?parent=9780"}],"curies":[{"name":"wp","href":"https:\/\/api.w.org\/{rel}","templated":true}]}}