{"id":9784,"date":"2024-01-17T04:03:58","date_gmt":"2024-01-17T04:03:58","guid":{"rendered":"https:\/\/bddance.lt\/apie-mus\/"},"modified":"2025-03-03T13:33:31","modified_gmt":"2025-03-03T13:33:31","slug":"apie-mus","status":"publish","type":"page","link":"https:\/\/bddance.lt\/lt\/apie-mus\/","title":{"rendered":"Apie mus"},"content":{"rendered":"\t\t<div data-elementor-type=\"wp-page\" data-elementor-id=\"9784\" class=\"elementor elementor-9784 elementor-1069\">\n\t\t\t\t<div class=\"elementor-element elementor-element-7896525 e-flex e-con-boxed kitify-col-width-auto-no ignore-docs-style-no kitify-disable-relative-no e-root-container elementor-top-section e-con e-parent\" data-id=\"7896525\" data-element_type=\"container\" data-e-type=\"container\">\n\t\t\t\t\t<div class=\"e-con-inner\">\n\t\t<div class=\"elementor-element elementor-element-e7eeae9 e-con-full e-flex kitify-col-width-auto-no ignore-docs-style-no kitify-disable-relative-no elementor-invisible kitify-has-entrance-animation e-con e-child\" data-id=\"e7eeae9\" data-element_type=\"container\" data-e-type=\"container\" data-settings=\"{&quot;animation&quot;:&quot;kitifyShortFadeInUp&quot;,&quot;background_background&quot;:&quot;slideshow&quot;,&quot;background_slideshow_gallery&quot;:[{&quot;id&quot;:6016,&quot;url&quot;:&quot;https:\\\/\\\/bddance.lt\\\/wp-content\\\/uploads\\\/2025\\\/01\\\/about-us-2-scaled.webp&quot;},{&quot;id&quot;:6002,&quot;url&quot;:&quot;https:\\\/\\\/bddance.lt\\\/wp-content\\\/uploads\\\/2025\\\/01\\\/about-us-scaled.webp&quot;},{&quot;id&quot;:6012,&quot;url&quot;:&quot;https:\\\/\\\/bddance.lt\\\/wp-content\\\/uploads\\\/2025\\\/01\\\/about-us_1-scaled.webp&quot;}],&quot;background_slideshow_loop&quot;:&quot;yes&quot;,&quot;background_slideshow_slide_duration&quot;:5000,&quot;background_slideshow_slide_transition&quot;:&quot;fade&quot;,&quot;background_slideshow_transition_duration&quot;:500}\">\n\t\t\t\t<\/div>\n\t\t<div class=\"elementor-element elementor-element-7a28077 e-con-full e-flex kitify-col-width-auto-no ignore-docs-style-no kitify-disable-relative-no elementor-invisible kitify-has-entrance-animation e-con e-child\" data-id=\"7a28077\" data-element_type=\"container\" data-e-type=\"container\" data-settings=\"{&quot;animation&quot;:&quot;kitifyShortFadeInUp&quot;,&quot;animation_delay&quot;:500}\">\n\t\t\t\t<div class=\"elementor-element elementor-element-aad48ee elementor-widget elementor-widget-heading\" data-id=\"aad48ee\" data-element_type=\"widget\" data-e-type=\"widget\" data-widget_type=\"heading.default\">\n\t\t\t\t<div class=\"elementor-widget-container\">\n\t\t\t\t\t<h2 class=\"elementor-heading-title elementor-size-default\">sportini\u0173 \u0161oki\u0173 bat\u0173 gamybos lyder\u0117<\/h2>\t\t\t\t<\/div>\n\t\t\t\t<\/div>\n\t\t\t\t<div class=\"elementor-element elementor-element-a494a75 elementor-widget elementor-widget-text-editor\" data-id=\"a494a75\" data-element_type=\"widget\" data-e-type=\"widget\" data-widget_type=\"text-editor.default\">\n\t\t\t\t<div class=\"elementor-widget-container\">\n\t\t\t\t\t\t\t\t\t<p>&#8222;BD Dance Lietuva\" yra oficialus tarptautin\u0117s kompanijos &#8222;BD dance\" filialas, prekiaujantis \u0161oki\u0173 bateliais moterims, vyrams ir vaikams.BD Dance filialas Lietuvoje prad\u0117jo veikti 2017 m., o jo savinink\u0117 yra Veronika Golodneva-Lacit\u0117, buvusi profesionali \u0161ok\u0117ja, pasaulio ir Europos \u010dempion\u0117, o nuo 2015 m. - BD dance Elite ambasador\u0117.<br>&#8222;Bd dance International\" buvo \u012fkurta 1996 m., jos gamykla \u012fsik\u016brusi Vuchane (Kinija), o \u0161iuo metu &#8222;BD Dance\" yra did\u017eiausia \u0161oki\u0173 bateli\u0173 gamintoja pasaulyje.Bd dance\" nuolat bendradarbiauja su geriausiais pasaulio \u0161ok\u0117jais, nuolat gauna j\u0173 atsiliepimus ir patarimus.\u0160ie veiksniai leid\u017eia BD i\u0161likti sportini\u0173 \u0161oki\u0173 bateli\u0173 gamybos lydere jau daugel\u012f met\u0173 i\u0161 eil\u0117s.<br>&#8222;BD dance\" turi dvi linijas - pagrindin\u0119 (BD dance) ir biud\u017eetin\u0119 (Soul Dancer), kurios abi pristatomos &#8222;BD Dance Lietuva\" klientams.<\/p>\t\t\t\t\t\t\t\t<\/div>\n\t\t\t\t<\/div>\n\t\t\t\t<\/div>\n\t\t\t\t\t<\/div>\n\t\t\t\t<\/div>\n\t\t<div class=\"elementor-element elementor-element-8ae17a6 e-flex e-con-boxed kitify-col-width-auto-no ignore-docs-style-no kitify-disable-relative-no e-root-container elementor-top-section e-con e-parent\" data-id=\"8ae17a6\" data-element_type=\"container\" data-e-type=\"container\">\n\t\t\t\t\t<div class=\"e-con-inner\">\n\t\t\t\t<div class=\"elementor-element elementor-element-7b88824 mbtabcontrolisselect-yes mttabcontrolisselect-false kitify_tab-full-no elementor-invisible kitify-has-entrance-animation elementor-widget kitify elementor-kitify-tabs\" data-id=\"7b88824\" data-element_type=\"widget\" data-e-type=\"widget\" data-settings=\"{&quot;_animation&quot;:&quot;kitifyShortFadeInUp&quot;}\" data-widget_type=\"kitify-tabs.default\">\n\t\t\t\t<div class=\"elementor-widget-container\">\n\t\t\t\t\t        <div class=\"kitify-tabs kitify-tabs-style-default kitify-tabs-position-top kitify-tabs-move-up-effect\" data-settings=\"{&quot;activeIndex&quot;:0,&quot;event&quot;:&quot;click&quot;,&quot;autoSwitch&quot;:false,&quot;autoSwitchDelay&quot;:3000}\">\n            <div class=\"kitify-tabs__control-wrapper\">\n                <div id=\"kitify-tabs-control-1291\" class=\"kitify-tabs__control kitify-tabs__control-icon-left active-tab\" data-tab=\"1\" tabindex=\"1291\"><div class=\"kitify-tabs__control-inner\"><div class=\"kitify-tabs__label\"><div class=\"kitify-tabs__label-text\">M\u016bs\u0173 istorija<\/div><\/div><\/div><\/div><div id=\"kitify-tabs-control-1292\" class=\"kitify-tabs__control kitify-tabs__control-icon-left \" data-tab=\"2\" tabindex=\"1292\"><div class=\"kitify-tabs__control-inner\"><div class=\"kitify-tabs__label\"><div class=\"kitify-tabs__label-text\">M\u016bs\u0173 misija<\/div><\/div><\/div><\/div><div class=\"kitify-tabs__control-wrapper-mobile\"><a href=\"#\" rel=\"nofollow\" target=\"_self\"><\/a><\/div>            <\/div>\n                        <div class=\"kitify-tabs__content-wrapper\">\n                <div id=\"kitify-tabs-content-1291\" class=\"kitify-tabs__content active-content\" data-tab=\"1\"><p>,,Kaip ir kiekvienai profesionaliai \u0161ok\u0117jai, bat\u0173 pasirinkimas man visada buvo labai svarbus momentas, galb\u016bt net svarbesnis u\u017e sukneli\u0173 pasirinkim\u0105, nes b\u016btent p\u0117d\u0173 stabilumas ir patogumas visada suteik\u0117 ypating\u0105 pasitik\u0117jimo jausm\u0105 var\u017eyb\u0173 metu.<br \/>Per savo ilg\u0105 karjer\u0105 i\u0161band\u017eiau daugyb\u0119 skirting\u0173 prek\u0117s \u017eenkl\u0173 modeli\u0173, bet niekada nebuvau visi\u0161kai patenkintas. \u012e rink\u0105 pasirod\u017eius BD Dance prek\u0117s \u017eenklui, pagaliau radau savo tobul\u0105 atitikmen\u012f ir nuo to laiko likau i\u0161tikimas BD \u0161oki\u0173 prek\u0117s \u017eenklui iki paskutinio \u0161okio ant parketo ir iki \u0161i\u0173 dien\u0173 kaip \u0161oki\u0173 mokytoja.<br \/>Mano asmenin\u0117 teigiama patirtis su BD paskatino atidaryti fizin\u0119 parduotuv\u0119 Lietuvoje ir atidaryti elektronin\u0119 parduotuv\u0119, kad Bd Dance bateliai b\u016bt\u0173 ar\u010diau \u0161ok\u0117j\u0173 savo \u0161alyje ir visame pasaulyje.<\/p><\/div><div id=\"kitify-tabs-content-1292\" class=\"kitify-tabs__content \" data-tab=\"2\"><p>M\u016bs\u0173 tikslas \u2013 visiems \u0161oki\u0173 m\u0117g\u0117jams pristatyti geros kokyb\u0117s, gra\u017eaus dizaino, patogius ir tuo pa\u010diu \u012fperkamus \u0161oki\u0173 batelius, kurie pad\u0117t\u0173 jiems \u012fgyvendinti savo svajones sporte ar tiesiog praleisti laisvalaik\u012f \u0161oki\u0173 aik\u0161tel\u0117je.<\/p><\/div>            <\/div>\n        <\/div>\n        \t\t\t\t<\/div>\n\t\t\t\t<\/div>\n\t\t\t\t\t<\/div>\n\t\t\t\t<\/div>\n\t\t<div class=\"elementor-element elementor-element-d8314ce e-con-full e-flex kitify-col-width-auto-no ignore-docs-style-no kitify-disable-relative-no elementor-invisible e-root-container elementor-top-section kitify-has-entrance-animation e-con e-parent\" data-id=\"d8314ce\" data-element_type=\"container\" data-e-type=\"container\" data-settings=\"{&quot;animation&quot;:&quot;kitifyShortFadeInUp&quot;}\">\n\t\t\t\t<div class=\"elementor-element elementor-element-ddb3047 slide-no-animation custom-carousel-preset-default kitify-carousel-item-effect-slide kitify-arrow--showonhover-no kitify-dots--vertical-no elementor-widget kitify elementor-kitify-advanced-carousel\" data-id=\"ddb3047\" data-element_type=\"widget\" data-e-type=\"widget\" data-settings=\"{&quot;_animation&quot;:&quot;none&quot;,&quot;_animation_delay&quot;:500}\" data-widget_type=\"kitify-advanced-carousel.default\">\n\t\t\t\t<div class=\"elementor-widget-container\">\n\t\t\t\t\t<div class=\"kitify-carousel\" data-slider_options=\"{&quot;content_selector&quot;:&quot;.kitify-banner__content&quot;,&quot;content_effect_in&quot;:&quot;fadeInUp&quot;,&quot;content_effect_out&quot;:&quot;fadeOutDown&quot;,&quot;slidesToScroll&quot;:{&quot;desktop&quot;:&quot;1&quot;,&quot;laptop&quot;:&quot;1&quot;,&quot;tablet&quot;:&quot;1&quot;,&quot;mobile_extra&quot;:&quot;1&quot;},&quot;rows&quot;:{&quot;desktop&quot;:&quot;1&quot;,&quot;laptop&quot;:&quot;1&quot;,&quot;tablet&quot;:&quot;1&quot;,&quot;mobile_extra&quot;:&quot;1&quot;},&quot;autoplaySpeed&quot;:5000,&quot;autoplay&quot;:true,&quot;infinite&quot;:false,&quot;centerMode&quot;:false,&quot;pauseOnHover&quot;:false,&quot;pauseOnInteraction&quot;:false,&quot;reverseDirection&quot;:false,&quot;infiniteEffect&quot;:false,&quot;speed&quot;:500,&quot;arrows&quot;:true,&quot;dots&quot;:false,&quot;variableWidth&quot;:false,&quot;prevArrow&quot;:&quot;.kitify-carousel__prev-arrow-ddb3047&quot;,&quot;nextArrow&quot;:&quot;.kitify-carousel__next-arrow-ddb3047&quot;,&quot;dotsElm&quot;:&quot;.kitify-carousel__dots_ddb3047&quot;,&quot;rtl&quot;:false,&quot;effect&quot;:&quot;slide&quot;,&quot;coverflowEffect&quot;:{&quot;rotate&quot;:null,&quot;stretch&quot;:null,&quot;depth&quot;:null,&quot;modifier&quot;:null,&quot;slideShadows&quot;:null},&quot;dotType&quot;:&quot;bullets&quot;,&quot;direction&quot;:&quot;horizontal&quot;,&quot;uniqueID&quot;:&quot;kitify_carousel_ddb3047&quot;,&quot;asFor&quot;:&quot;&quot;,&quot;autoHeight&quot;:false,&quot;slidesToShow&quot;:{&quot;desktop&quot;:&quot;5&quot;,&quot;mobile&quot;:&quot;2&quot;,&quot;mobile_extra&quot;:&quot;4&quot;,&quot;laptop&quot;:&quot;5&quot;,&quot;tablet&quot;:&quot;5&quot;}}\" dir=\"ltr\">\n    <div class=\"kitify-carousel-inner\"><div class=\"swiper-container\" id=\"kitify_carousel_ddb3047\"><div class=\"swiper-wrapper\">\n<div class=\"kitify-carousel__item swiper-slide\">\n\t<div class=\"kitify-carousel__item-inner\">\n        <figure class=\"kitify-banner kitify-effect-hidden-content\"><a class=\"kitify-banner__link\" href=\"https:\/\/bddance.lt\/wp-content\/uploads\/2025\/02\/IMG_0294.webp\" data-elementor-open-lightbox=\"yes\" data-elementor-lightbox-slideshow=\"ddb3047\"><div class=\"kitify-banner__overlay\"><\/div><img fetchpriority=\"high\" decoding=\"async\" width=\"653\" height=\"1161\" src=\"https:\/\/bddance.lt\/wp-content\/uploads\/2025\/02\/IMG_0294.webp\" class=\"kitify-banner__img attachment-full size-full wp-image-7063\" alt=\"\" srcset=\"https:\/\/bddance.lt\/wp-content\/uploads\/2025\/02\/IMG_0294.webp 653w, https:\/\/bddance.lt\/wp-content\/uploads\/2025\/02\/IMG_0294-169x300.webp 169w, https:\/\/bddance.lt\/wp-content\/uploads\/2025\/02\/IMG_0294-576x1024.webp 576w\" sizes=\"(max-width: 653px) 100vw, 653px\" \/><figcaption class=\"kitify-banner__content\"><div class=\"kitify-banner__content-wrap\"><div class=\"kitify-carousel__item-icon\"><div class=\"kitify-icon-inner\"><i aria-hidden=\"true\" class=\"splicon icon-social-instagram\"><\/i><\/div><\/div><\/div><\/figcaption><\/a><\/figure>\n    \t<\/div>\n<\/div>\n<div class=\"kitify-carousel__item swiper-slide\">\n\t<div class=\"kitify-carousel__item-inner\">\n        <figure class=\"kitify-banner kitify-effect-hidden-content\"><a class=\"kitify-banner__link\" href=\"https:\/\/bddance.lt\/wp-content\/uploads\/2025\/02\/IMG_0295.webp\" data-elementor-open-lightbox=\"yes\" data-elementor-lightbox-slideshow=\"ddb3047\"><div class=\"kitify-banner__overlay\"><\/div><img decoding=\"async\" width=\"818\" height=\"1455\" src=\"https:\/\/bddance.lt\/wp-content\/uploads\/2025\/02\/IMG_0295.webp\" class=\"kitify-banner__img attachment-full size-full wp-image-7066\" alt=\"\" srcset=\"https:\/\/bddance.lt\/wp-content\/uploads\/2025\/02\/IMG_0295.webp 818w, https:\/\/bddance.lt\/wp-content\/uploads\/2025\/02\/IMG_0295-169x300.webp 169w, https:\/\/bddance.lt\/wp-content\/uploads\/2025\/02\/IMG_0295-576x1024.webp 576w, https:\/\/bddance.lt\/wp-content\/uploads\/2025\/02\/IMG_0295-768x1366.webp 768w\" sizes=\"(max-width: 818px) 100vw, 818px\" \/><figcaption class=\"kitify-banner__content\"><div class=\"kitify-banner__content-wrap\"><div class=\"kitify-carousel__item-icon\"><div class=\"kitify-icon-inner\"><i aria-hidden=\"true\" class=\"splicon icon-social-instagram\"><\/i><\/div><\/div><\/div><\/figcaption><\/a><\/figure>\n    \t<\/div>\n<\/div>\n<div class=\"kitify-carousel__item swiper-slide\">\n\t<div class=\"kitify-carousel__item-inner\">\n        <figure class=\"kitify-banner kitify-effect-hidden-content\"><a class=\"kitify-banner__link\" href=\"https:\/\/bddance.lt\/wp-content\/uploads\/2025\/02\/IMG_0298-scaled.webp\" data-elementor-open-lightbox=\"yes\" data-elementor-lightbox-slideshow=\"ddb3047\"><div class=\"kitify-banner__overlay\"><\/div><img decoding=\"async\" width=\"1440\" height=\"2560\" src=\"https:\/\/bddance.lt\/wp-content\/uploads\/2025\/02\/IMG_0298-scaled.webp\" class=\"kitify-banner__img attachment-full size-full wp-image-7068\" alt=\"\" srcset=\"https:\/\/bddance.lt\/wp-content\/uploads\/2025\/02\/IMG_0298-scaled.webp 1440w, https:\/\/bddance.lt\/wp-content\/uploads\/2025\/02\/IMG_0298-scaled-1000x1778.webp 1000w, https:\/\/bddance.lt\/wp-content\/uploads\/2025\/02\/IMG_0298-169x300.webp 169w, https:\/\/bddance.lt\/wp-content\/uploads\/2025\/02\/IMG_0298-576x1024.webp 576w, https:\/\/bddance.lt\/wp-content\/uploads\/2025\/02\/IMG_0298-768x1365.webp 768w, https:\/\/bddance.lt\/wp-content\/uploads\/2025\/02\/IMG_0298-864x1536.webp 864w, https:\/\/bddance.lt\/wp-content\/uploads\/2025\/02\/IMG_0298-1152x2048.webp 1152w\" sizes=\"(max-width: 1440px) 100vw, 1440px\" \/><figcaption class=\"kitify-banner__content\"><div class=\"kitify-banner__content-wrap\"><div class=\"kitify-carousel__item-icon\"><div class=\"kitify-icon-inner\"><i aria-hidden=\"true\" class=\"splicon icon-social-instagram\"><\/i><\/div><\/div><\/div><\/figcaption><\/a><\/figure>\n    \t<\/div>\n<\/div>\n<div class=\"kitify-carousel__item swiper-slide\">\n\t<div class=\"kitify-carousel__item-inner\">\n        <figure class=\"kitify-banner kitify-effect-hidden-content\"><a class=\"kitify-banner__link\" href=\"https:\/\/bddance.lt\/wp-content\/uploads\/2025\/02\/IMG_1940.webp\" data-elementor-open-lightbox=\"yes\" data-elementor-lightbox-slideshow=\"ddb3047\"><div class=\"kitify-banner__overlay\"><\/div><img loading=\"lazy\" decoding=\"async\" width=\"788\" height=\"1400\" src=\"https:\/\/bddance.lt\/wp-content\/uploads\/2025\/02\/IMG_1940.webp\" class=\"kitify-banner__img attachment-full size-full wp-image-7069\" alt=\"\" srcset=\"https:\/\/bddance.lt\/wp-content\/uploads\/2025\/02\/IMG_1940.webp 788w, https:\/\/bddance.lt\/wp-content\/uploads\/2025\/02\/IMG_1940-169x300.webp 169w, https:\/\/bddance.lt\/wp-content\/uploads\/2025\/02\/IMG_1940-576x1024.webp 576w, https:\/\/bddance.lt\/wp-content\/uploads\/2025\/02\/IMG_1940-768x1364.webp 768w\" sizes=\"(max-width: 788px) 100vw, 788px\" \/><figcaption class=\"kitify-banner__content\"><div class=\"kitify-banner__content-wrap\"><div class=\"kitify-carousel__item-icon\"><div class=\"kitify-icon-inner\"><i aria-hidden=\"true\" class=\"splicon icon-social-instagram\"><\/i><\/div><\/div><\/div><\/figcaption><\/a><\/figure>\n    \t<\/div>\n<\/div>\n<div class=\"kitify-carousel__item swiper-slide\">\n\t<div class=\"kitify-carousel__item-inner\">\n        <figure class=\"kitify-banner kitify-effect-hidden-content\"><a class=\"kitify-banner__link\" href=\"https:\/\/bddance.lt\/wp-content\/uploads\/2025\/02\/T1-green-tweed-solid-sole-Gabija-Damasiute-scaled.webp\" data-elementor-open-lightbox=\"yes\" data-elementor-lightbox-slideshow=\"ddb3047\"><div class=\"kitify-banner__overlay\"><\/div><img loading=\"lazy\" decoding=\"async\" width=\"1440\" height=\"2560\" src=\"https:\/\/bddance.lt\/wp-content\/uploads\/2025\/02\/T1-green-tweed-solid-sole-Gabija-Damasiute-scaled.webp\" class=\"kitify-banner__img attachment-full size-full wp-image-7070\" alt=\"\" srcset=\"https:\/\/bddance.lt\/wp-content\/uploads\/2025\/02\/T1-green-tweed-solid-sole-Gabija-Damasiute-scaled.webp 1440w, https:\/\/bddance.lt\/wp-content\/uploads\/2025\/02\/T1-green-tweed-solid-sole-Gabija-Damasiute-scaled-1000x1778.webp 1000w, https:\/\/bddance.lt\/wp-content\/uploads\/2025\/02\/T1-green-tweed-solid-sole-Gabija-Damasiute-169x300.webp 169w, https:\/\/bddance.lt\/wp-content\/uploads\/2025\/02\/T1-green-tweed-solid-sole-Gabija-Damasiute-576x1024.webp 576w, https:\/\/bddance.lt\/wp-content\/uploads\/2025\/02\/T1-green-tweed-solid-sole-Gabija-Damasiute-768x1365.webp 768w, https:\/\/bddance.lt\/wp-content\/uploads\/2025\/02\/T1-green-tweed-solid-sole-Gabija-Damasiute-864x1536.webp 864w, https:\/\/bddance.lt\/wp-content\/uploads\/2025\/02\/T1-green-tweed-solid-sole-Gabija-Damasiute-1152x2048.webp 1152w\" sizes=\"(max-width: 1440px) 100vw, 1440px\" \/><figcaption class=\"kitify-banner__content\"><div class=\"kitify-banner__content-wrap\"><div class=\"kitify-carousel__item-icon\"><div class=\"kitify-icon-inner\"><i aria-hidden=\"true\" class=\"splicon icon-social-instagram\"><\/i><\/div><\/div><\/div><\/figcaption><\/a><\/figure>\n    \t<\/div>\n<\/div>\n<\/div><\/div><\/div><div class=\"kitify-carousel__prev-arrow-ddb3047 kitify-arrow prev-arrow\"><i aria-hidden=\"true\" class=\"novaicon-arrow-left\"><\/i><\/div><div class=\"kitify-carousel__next-arrow-ddb3047 kitify-arrow next-arrow\"><i aria-hidden=\"true\" class=\"novaicon-arrow-right\"><\/i><\/div><\/div>\t\t\t\t<\/div>\n\t\t\t\t<\/div>\n\t\t\t\t<\/div>\n\t\t\t\t<\/div>\n\t\t","protected":false},"excerpt":{"rendered":"<p>sportini\u0173 \u0161oki\u0173 bat\u0173 gamybos lyder\u0117 &#8222;BD Dance Lietuva\" yra oficialus tarptautin\u0117s kompanijos &#8222;BD dance\" filialas, prekiaujantis \u0161oki\u0173 bateliais moterims, vyrams ir vaikams.BD Dance filialas Lietuvoje prad\u0117jo veikti 2017 m., o jo savinink\u0117 yra Veronika Golodneva-Lacit\u0117, buvusi profesionali \u0161ok\u0117ja, pasaulio ir Europos \u010dempion\u0117, o nuo 2015 m. - BD dance Elite ambasador\u0117.&#8222;Bd dance International\" buvo \u012fkurta 1996 m., jos gamykla \u012fsik\u016brusi\u2026<\/p>\n","protected":false},"author":1,"featured_media":0,"parent":0,"menu_order":0,"comment_status":"closed","ping_status":"closed","template":"","meta":{"footnotes":""},"class_list":["post-9784","page","type-page","status-publish","hentry"],"yoast_head":"<!-- This site is optimized with the Yoast SEO plugin v27.2 - https:\/\/yoast.com\/product\/yoast-seo-wordpress\/ -->\n<title>Apie mus - Dance shoes. Latin, classic, childrens, trainers shoes online shop.<\/title>\n<meta name=\"robots\" content=\"index, follow, max-snippet:-1, max-image-preview:large, max-video-preview:-1\" \/>\n<link rel=\"canonical\" href=\"https:\/\/bddance.lt\/lt\/apie-mus\/\" \/>\n<meta property=\"og:locale\" content=\"lt_LT\" \/>\n<meta property=\"og:type\" content=\"article\" \/>\n<meta property=\"og:title\" content=\"Apie mus - Dance shoes. Latin, classic, childrens, trainers shoes online shop.\" \/>\n<meta property=\"og:description\" content=\"sportini\u0173 \u0161oki\u0173 bat\u0173 gamybos lyder\u0117 &#8222;BD Dance Lietuva&quot; yra oficialus tarptautin\u0117s kompanijos &#8222;BD dance&quot; filialas, prekiaujantis \u0161oki\u0173 bateliais moterims, vyrams ir vaikams.BD Dance filialas Lietuvoje prad\u0117jo veikti 2017 m., o jo savinink\u0117 yra Veronika Golodneva-Lacit\u0117, buvusi profesionali \u0161ok\u0117ja, pasaulio ir Europos \u010dempion\u0117, o nuo 2015 m. - BD dance Elite ambasador\u0117.&#8222;Bd dance International&quot; buvo \u012fkurta 1996 m., jos gamykla \u012fsik\u016brusi\u2026\" \/>\n<meta property=\"og:url\" content=\"https:\/\/bddance.lt\/lt\/apie-mus\/\" \/>\n<meta property=\"og:site_name\" content=\"Dance shoes. Latin, classic, childrens, trainers shoes online shop.\" \/>\n<meta property=\"article:modified_time\" content=\"2025-03-03T13:33:31+00:00\" \/>\n<meta property=\"og:image\" content=\"https:\/\/bddance.lt\/wp-content\/uploads\/2025\/02\/IMG_0294.webp\" \/>\n\t<meta property=\"og:image:width\" content=\"653\" \/>\n\t<meta property=\"og:image:height\" content=\"1161\" \/>\n\t<meta property=\"og:image:type\" content=\"image\/webp\" \/>\n<meta name=\"twitter:card\" content=\"summary_large_image\" \/>\n<meta name=\"twitter:label1\" content=\"Est. reading time\" \/>\n\t<meta name=\"twitter:data1\" content=\"1 minut\u0117\" \/>\n<script type=\"application\/ld+json\" class=\"yoast-schema-graph\">{\"@context\":\"https:\/\/schema.org\",\"@graph\":[{\"@type\":\"WebPage\",\"@id\":\"https:\/\/bddance.lt\/lt\/apie-mus\/\",\"url\":\"https:\/\/bddance.lt\/lt\/apie-mus\/\",\"name\":\"Apie mus - Dance shoes. Latin, classic, childrens, trainers shoes online shop.\",\"isPartOf\":{\"@id\":\"https:\/\/bddance.lt\/lt\/#website\"},\"primaryImageOfPage\":{\"@id\":\"https:\/\/bddance.lt\/lt\/apie-mus\/#primaryimage\"},\"image\":{\"@id\":\"https:\/\/bddance.lt\/lt\/apie-mus\/#primaryimage\"},\"thumbnailUrl\":\"https:\/\/bddance.lt\/wp-content\/uploads\/2025\/02\/IMG_0294.webp\",\"datePublished\":\"2024-01-17T04:03:58+00:00\",\"dateModified\":\"2025-03-03T13:33:31+00:00\",\"breadcrumb\":{\"@id\":\"https:\/\/bddance.lt\/lt\/apie-mus\/#breadcrumb\"},\"inLanguage\":\"lt-LT\",\"potentialAction\":[{\"@type\":\"ReadAction\",\"target\":[\"https:\/\/bddance.lt\/lt\/apie-mus\/\"]}]},{\"@type\":\"ImageObject\",\"inLanguage\":\"lt-LT\",\"@id\":\"https:\/\/bddance.lt\/lt\/apie-mus\/#primaryimage\",\"url\":\"https:\/\/bddance.lt\/wp-content\/uploads\/2025\/02\/IMG_0294.webp\",\"contentUrl\":\"https:\/\/bddance.lt\/wp-content\/uploads\/2025\/02\/IMG_0294.webp\"},{\"@type\":\"BreadcrumbList\",\"@id\":\"https:\/\/bddance.lt\/lt\/apie-mus\/#breadcrumb\",\"itemListElement\":[{\"@type\":\"ListItem\",\"position\":1,\"name\":\"Home\",\"item\":\"https:\/\/bddance.lt\/lt\/\"},{\"@type\":\"ListItem\",\"position\":2,\"name\":\"Apie mus\"}]},{\"@type\":\"WebSite\",\"@id\":\"https:\/\/bddance.lt\/lt\/#website\",\"url\":\"https:\/\/bddance.lt\/lt\/\",\"name\":\"Dance shoes. Latin, classic, childrens, trainers shoes online shop.\",\"description\":\"\",\"potentialAction\":[{\"@type\":\"SearchAction\",\"target\":{\"@type\":\"EntryPoint\",\"urlTemplate\":\"https:\/\/bddance.lt\/lt\/?s={search_term_string}\"},\"query-input\":{\"@type\":\"PropertyValueSpecification\",\"valueRequired\":true,\"valueName\":\"search_term_string\"}}],\"inLanguage\":\"lt-LT\"}]}<\/script>\n<!-- \/ Yoast SEO plugin. -->","yoast_head_json":{"title":"Apie mus - Dance shoes. Latin, classic, childrens, trainers shoes online shop.","robots":{"index":"index","follow":"follow","max-snippet":"max-snippet:-1","max-image-preview":"max-image-preview:large","max-video-preview":"max-video-preview:-1"},"canonical":"https:\/\/bddance.lt\/lt\/apie-mus\/","og_locale":"lt_LT","og_type":"article","og_title":"Apie mus - Dance shoes. Latin, classic, childrens, trainers shoes online shop.","og_description":"sportini\u0173 \u0161oki\u0173 bat\u0173 gamybos lyder\u0117 &#8222;BD Dance Lietuva\" yra oficialus tarptautin\u0117s kompanijos &#8222;BD dance\" filialas, prekiaujantis \u0161oki\u0173 bateliais moterims, vyrams ir vaikams.BD Dance filialas Lietuvoje prad\u0117jo veikti 2017 m., o jo savinink\u0117 yra Veronika Golodneva-Lacit\u0117, buvusi profesionali \u0161ok\u0117ja, pasaulio ir Europos \u010dempion\u0117, o nuo 2015 m. - BD dance Elite ambasador\u0117.&#8222;Bd dance International\" buvo \u012fkurta 1996 m., jos gamykla \u012fsik\u016brusi\u2026","og_url":"https:\/\/bddance.lt\/lt\/apie-mus\/","og_site_name":"Dance shoes. Latin, classic, childrens, trainers shoes online shop.","article_modified_time":"2025-03-03T13:33:31+00:00","og_image":[{"width":653,"height":1161,"url":"https:\/\/bddance.lt\/wp-content\/uploads\/2025\/02\/IMG_0294.webp","type":"image\/webp"}],"twitter_card":"summary_large_image","twitter_misc":{"Est. reading time":"1 minut\u0117"},"schema":{"@context":"https:\/\/schema.org","@graph":[{"@type":"WebPage","@id":"https:\/\/bddance.lt\/lt\/apie-mus\/","url":"https:\/\/bddance.lt\/lt\/apie-mus\/","name":"Apie mus - Dance shoes. Latin, classic, childrens, trainers shoes online shop.","isPartOf":{"@id":"https:\/\/bddance.lt\/lt\/#website"},"primaryImageOfPage":{"@id":"https:\/\/bddance.lt\/lt\/apie-mus\/#primaryimage"},"image":{"@id":"https:\/\/bddance.lt\/lt\/apie-mus\/#primaryimage"},"thumbnailUrl":"https:\/\/bddance.lt\/wp-content\/uploads\/2025\/02\/IMG_0294.webp","datePublished":"2024-01-17T04:03:58+00:00","dateModified":"2025-03-03T13:33:31+00:00","breadcrumb":{"@id":"https:\/\/bddance.lt\/lt\/apie-mus\/#breadcrumb"},"inLanguage":"lt-LT","potentialAction":[{"@type":"ReadAction","target":["https:\/\/bddance.lt\/lt\/apie-mus\/"]}]},{"@type":"ImageObject","inLanguage":"lt-LT","@id":"https:\/\/bddance.lt\/lt\/apie-mus\/#primaryimage","url":"https:\/\/bddance.lt\/wp-content\/uploads\/2025\/02\/IMG_0294.webp","contentUrl":"https:\/\/bddance.lt\/wp-content\/uploads\/2025\/02\/IMG_0294.webp"},{"@type":"BreadcrumbList","@id":"https:\/\/bddance.lt\/lt\/apie-mus\/#breadcrumb","itemListElement":[{"@type":"ListItem","position":1,"name":"Home","item":"https:\/\/bddance.lt\/lt\/"},{"@type":"ListItem","position":2,"name":"Apie mus"}]},{"@type":"WebSite","@id":"https:\/\/bddance.lt\/lt\/#website","url":"https:\/\/bddance.lt\/lt\/","name":"Dance shoes. Latin, classic, childrens, trainers shoes online shop.","description":"","potentialAction":[{"@type":"SearchAction","target":{"@type":"EntryPoint","urlTemplate":"https:\/\/bddance.lt\/lt\/?s={search_term_string}"},"query-input":{"@type":"PropertyValueSpecification","valueRequired":true,"valueName":"search_term_string"}}],"inLanguage":"lt-LT"}]}},"_links":{"self":[{"href":"https:\/\/bddance.lt\/lt\/wp-json\/wp\/v2\/pages\/9784","targetHints":{"allow":["GET"]}}],"collection":[{"href":"https:\/\/bddance.lt\/lt\/wp-json\/wp\/v2\/pages"}],"about":[{"href":"https:\/\/bddance.lt\/lt\/wp-json\/wp\/v2\/types\/page"}],"author":[{"embeddable":true,"href":"https:\/\/bddance.lt\/lt\/wp-json\/wp\/v2\/users\/1"}],"replies":[{"embeddable":true,"href":"https:\/\/bddance.lt\/lt\/wp-json\/wp\/v2\/comments?post=9784"}],"version-history":[{"count":5,"href":"https:\/\/bddance.lt\/lt\/wp-json\/wp\/v2\/pages\/9784\/revisions"}],"predecessor-version":[{"id":11808,"href":"https:\/\/bddance.lt\/lt\/wp-json\/wp\/v2\/pages\/9784\/revisions\/11808"}],"wp:attachment":[{"href":"https:\/\/bddance.lt\/lt\/wp-json\/wp\/v2\/media?parent=9784"}],"curies":[{"name":"wp","href":"https:\/\/api.w.org\/{rel}","templated":true}]}}