{"id":9785,"date":"2024-01-17T03:05:41","date_gmt":"2024-01-17T03:05:41","guid":{"rendered":"https:\/\/bddance.lt\/pavyzdinis-puslapis\/"},"modified":"2025-03-02T18:14:41","modified_gmt":"2025-03-02T18:14:41","slug":"pavyzdinis-puslapis","status":"publish","type":"page","link":"https:\/\/bddance.lt\/lt\/pavyzdinis-puslapis\/","title":{"rendered":"Pavyzdinis puslapis"},"content":{"rendered":"\n<p>Tai puslapio pavyzdys. Jis skiriasi nuo tinklara\u0161\u010dio \u012fra\u0161o tuo, kad bus vienoje vietoje ir bus rodomas svetain\u0117s navigacijoje (daugumoje tem\u0173). Dauguma \u017emoni\u0173 pradeda nuo puslapio &#8222;Apie\", kuriame jie pristatomi potencialiems svetain\u0117s lankytojams. Jame gali b\u016bti para\u0161yta ma\u017edaug taip:   <\/p>\n\n<blockquote class=\"wp-block-quote is-layout-flow wp-block-quote-is-layout-flow\"><p>Sveiki! Dien\u0105 dirbu dvira\u010di\u0173 kurjeriu, nakt\u012f esu pradedantis aktorius, o \u0161i svetain\u0117 yra mano svetain\u0117. Gyvenu Los And\u017eele, turiu puik\u0173 \u0161un\u012f, vardu D\u017eekas, ir m\u0117gstu pi\u00f1a coladas. (Ir pask\u0119sti lietuje.)   <\/p><\/blockquote>\n\n<p>&#8230;arba pana\u0161iai:<\/p>\n\n<blockquote class=\"wp-block-quote is-layout-flow wp-block-quote-is-layout-flow\"><p>Bendrov\u0117 &#8222;XYZ Doohickey Company\" buvo \u012fkurta 1971 m. ir nuo to laiko visuomenei tiekia kokybi\u0161kus \u017eaisliukus. Gothamo mieste \u012fsik\u016brusioje &#8222;XYZ\" \u012fmon\u0117je dirba daugiau kaip 2 000 \u017emoni\u0173 ir ji daro daugyb\u0119 nuostabi\u0173 dalyk\u0173 Gothamo bendruomenei. <\/p><\/blockquote>\n\n<p>Kaip naujas &#8222;WordPress\" naudotojas, tur\u0117tum\u0117te eiti \u012f <a href=\"https:\/\/lumilux.novaworks.net\/wp-admin\/\">savo prietais\u0173 skydel\u012f<\/a>, kad i\u0161trintum\u0117te \u0161\u012f puslap\u012f ir sukurtum\u0117te naujus puslapius savo turiniui. Smagiai praleiskite laik\u0105! <\/p>\n","protected":false},"excerpt":{"rendered":"<p>Tai puslapio pavyzdys. Jis skiriasi nuo tinklara\u0161\u010dio \u012fra\u0161o tuo, kad bus vienoje vietoje ir bus rodomas svetain\u0117s navigacijoje (daugumoje tem\u0173). Dauguma \u017emoni\u0173 pradeda nuo puslapio &#8222;Apie\", kuriame jie pristatomi potencialiems svetain\u0117s lankytojams. Jame gali b\u016bti para\u0161yta ma\u017edaug taip: Sveiki! Dien\u0105 dirbu dvira\u010di\u0173 kurjeriu, nakt\u012f esu pradedantis aktorius, o \u0161i svetain\u0117 yra mano svetain\u0117. Gyvenu Los And\u017eele, turiu puik\u0173 \u0161un\u012f, vardu\u2026<\/p>\n","protected":false},"author":1,"featured_media":0,"parent":0,"menu_order":0,"comment_status":"closed","ping_status":"closed","template":"","meta":{"footnotes":""},"class_list":["post-9785","page","type-page","status-publish","hentry"],"yoast_head":"<!-- This site is optimized with the Yoast SEO plugin v27.2 - https:\/\/yoast.com\/product\/yoast-seo-wordpress\/ -->\n<title>Pavyzdinis puslapis - Dance shoes. Latin, classic, childrens, trainers shoes online shop.<\/title>\n<meta name=\"robots\" content=\"index, follow, max-snippet:-1, max-image-preview:large, max-video-preview:-1\" \/>\n<link rel=\"canonical\" href=\"https:\/\/bddance.lt\/lt\/pavyzdinis-puslapis\/\" \/>\n<meta property=\"og:locale\" content=\"lt_LT\" \/>\n<meta property=\"og:type\" content=\"article\" \/>\n<meta property=\"og:title\" content=\"Pavyzdinis puslapis - Dance shoes. Latin, classic, childrens, trainers shoes online shop.\" \/>\n<meta property=\"og:description\" content=\"Tai puslapio pavyzdys. Jis skiriasi nuo tinklara\u0161\u010dio \u012fra\u0161o tuo, kad bus vienoje vietoje ir bus rodomas svetain\u0117s navigacijoje (daugumoje tem\u0173). Dauguma \u017emoni\u0173 pradeda nuo puslapio &#8222;Apie&quot;, kuriame jie pristatomi potencialiems svetain\u0117s lankytojams. Jame gali b\u016bti para\u0161yta ma\u017edaug taip: Sveiki! Dien\u0105 dirbu dvira\u010di\u0173 kurjeriu, nakt\u012f esu pradedantis aktorius, o \u0161i svetain\u0117 yra mano svetain\u0117. Gyvenu Los And\u017eele, turiu puik\u0173 \u0161un\u012f, vardu\u2026\" \/>\n<meta property=\"og:url\" content=\"https:\/\/bddance.lt\/lt\/pavyzdinis-puslapis\/\" \/>\n<meta property=\"og:site_name\" content=\"Dance shoes. Latin, classic, childrens, trainers shoes online shop.\" \/>\n<meta property=\"article:modified_time\" content=\"2025-03-02T18:14:41+00:00\" \/>\n<meta name=\"twitter:card\" content=\"summary_large_image\" \/>\n<meta name=\"twitter:label1\" content=\"Est. reading time\" \/>\n\t<meta name=\"twitter:data1\" content=\"1 minut\u0117\" \/>\n<script type=\"application\/ld+json\" class=\"yoast-schema-graph\">{\"@context\":\"https:\/\/schema.org\",\"@graph\":[{\"@type\":\"WebPage\",\"@id\":\"https:\/\/bddance.lt\/lt\/pavyzdinis-puslapis\/\",\"url\":\"https:\/\/bddance.lt\/lt\/pavyzdinis-puslapis\/\",\"name\":\"Pavyzdinis puslapis - Dance shoes. Latin, classic, childrens, trainers shoes online shop.\",\"isPartOf\":{\"@id\":\"https:\/\/bddance.lt\/lt\/#website\"},\"datePublished\":\"2024-01-17T03:05:41+00:00\",\"dateModified\":\"2025-03-02T18:14:41+00:00\",\"breadcrumb\":{\"@id\":\"https:\/\/bddance.lt\/lt\/pavyzdinis-puslapis\/#breadcrumb\"},\"inLanguage\":\"lt-LT\",\"potentialAction\":[{\"@type\":\"ReadAction\",\"target\":[\"https:\/\/bddance.lt\/lt\/pavyzdinis-puslapis\/\"]}]},{\"@type\":\"BreadcrumbList\",\"@id\":\"https:\/\/bddance.lt\/lt\/pavyzdinis-puslapis\/#breadcrumb\",\"itemListElement\":[{\"@type\":\"ListItem\",\"position\":1,\"name\":\"Home\",\"item\":\"https:\/\/bddance.lt\/lt\/\"},{\"@type\":\"ListItem\",\"position\":2,\"name\":\"Pavyzdinis puslapis\"}]},{\"@type\":\"WebSite\",\"@id\":\"https:\/\/bddance.lt\/lt\/#website\",\"url\":\"https:\/\/bddance.lt\/lt\/\",\"name\":\"Dance shoes. Latin, classic, childrens, trainers shoes online shop.\",\"description\":\"\",\"potentialAction\":[{\"@type\":\"SearchAction\",\"target\":{\"@type\":\"EntryPoint\",\"urlTemplate\":\"https:\/\/bddance.lt\/lt\/?s={search_term_string}\"},\"query-input\":{\"@type\":\"PropertyValueSpecification\",\"valueRequired\":true,\"valueName\":\"search_term_string\"}}],\"inLanguage\":\"lt-LT\"}]}<\/script>\n<!-- \/ Yoast SEO plugin. -->","yoast_head_json":{"title":"Pavyzdinis puslapis - Dance shoes. Latin, classic, childrens, trainers shoes online shop.","robots":{"index":"index","follow":"follow","max-snippet":"max-snippet:-1","max-image-preview":"max-image-preview:large","max-video-preview":"max-video-preview:-1"},"canonical":"https:\/\/bddance.lt\/lt\/pavyzdinis-puslapis\/","og_locale":"lt_LT","og_type":"article","og_title":"Pavyzdinis puslapis - Dance shoes. Latin, classic, childrens, trainers shoes online shop.","og_description":"Tai puslapio pavyzdys. Jis skiriasi nuo tinklara\u0161\u010dio \u012fra\u0161o tuo, kad bus vienoje vietoje ir bus rodomas svetain\u0117s navigacijoje (daugumoje tem\u0173). Dauguma \u017emoni\u0173 pradeda nuo puslapio &#8222;Apie\", kuriame jie pristatomi potencialiems svetain\u0117s lankytojams. Jame gali b\u016bti para\u0161yta ma\u017edaug taip: Sveiki! Dien\u0105 dirbu dvira\u010di\u0173 kurjeriu, nakt\u012f esu pradedantis aktorius, o \u0161i svetain\u0117 yra mano svetain\u0117. Gyvenu Los And\u017eele, turiu puik\u0173 \u0161un\u012f, vardu\u2026","og_url":"https:\/\/bddance.lt\/lt\/pavyzdinis-puslapis\/","og_site_name":"Dance shoes. Latin, classic, childrens, trainers shoes online shop.","article_modified_time":"2025-03-02T18:14:41+00:00","twitter_card":"summary_large_image","twitter_misc":{"Est. reading time":"1 minut\u0117"},"schema":{"@context":"https:\/\/schema.org","@graph":[{"@type":"WebPage","@id":"https:\/\/bddance.lt\/lt\/pavyzdinis-puslapis\/","url":"https:\/\/bddance.lt\/lt\/pavyzdinis-puslapis\/","name":"Pavyzdinis puslapis - Dance shoes. Latin, classic, childrens, trainers shoes online shop.","isPartOf":{"@id":"https:\/\/bddance.lt\/lt\/#website"},"datePublished":"2024-01-17T03:05:41+00:00","dateModified":"2025-03-02T18:14:41+00:00","breadcrumb":{"@id":"https:\/\/bddance.lt\/lt\/pavyzdinis-puslapis\/#breadcrumb"},"inLanguage":"lt-LT","potentialAction":[{"@type":"ReadAction","target":["https:\/\/bddance.lt\/lt\/pavyzdinis-puslapis\/"]}]},{"@type":"BreadcrumbList","@id":"https:\/\/bddance.lt\/lt\/pavyzdinis-puslapis\/#breadcrumb","itemListElement":[{"@type":"ListItem","position":1,"name":"Home","item":"https:\/\/bddance.lt\/lt\/"},{"@type":"ListItem","position":2,"name":"Pavyzdinis puslapis"}]},{"@type":"WebSite","@id":"https:\/\/bddance.lt\/lt\/#website","url":"https:\/\/bddance.lt\/lt\/","name":"Dance shoes. Latin, classic, childrens, trainers shoes online shop.","description":"","potentialAction":[{"@type":"SearchAction","target":{"@type":"EntryPoint","urlTemplate":"https:\/\/bddance.lt\/lt\/?s={search_term_string}"},"query-input":{"@type":"PropertyValueSpecification","valueRequired":true,"valueName":"search_term_string"}}],"inLanguage":"lt-LT"}]}},"_links":{"self":[{"href":"https:\/\/bddance.lt\/lt\/wp-json\/wp\/v2\/pages\/9785","targetHints":{"allow":["GET"]}}],"collection":[{"href":"https:\/\/bddance.lt\/lt\/wp-json\/wp\/v2\/pages"}],"about":[{"href":"https:\/\/bddance.lt\/lt\/wp-json\/wp\/v2\/types\/page"}],"author":[{"embeddable":true,"href":"https:\/\/bddance.lt\/lt\/wp-json\/wp\/v2\/users\/1"}],"replies":[{"embeddable":true,"href":"https:\/\/bddance.lt\/lt\/wp-json\/wp\/v2\/comments?post=9785"}],"version-history":[{"count":2,"href":"https:\/\/bddance.lt\/lt\/wp-json\/wp\/v2\/pages\/9785\/revisions"}],"predecessor-version":[{"id":9792,"href":"https:\/\/bddance.lt\/lt\/wp-json\/wp\/v2\/pages\/9785\/revisions\/9792"}],"wp:attachment":[{"href":"https:\/\/bddance.lt\/lt\/wp-json\/wp\/v2\/media?parent=9785"}],"curies":[{"name":"wp","href":"https:\/\/api.w.org\/{rel}","templated":true}]}}