{"id":9797,"date":"2025-02-17T08:45:19","date_gmt":"2025-02-17T08:45:19","guid":{"rendered":"https:\/\/bddance.lt\/grazinimo-ir-grazinimo-politika\/"},"modified":"2025-11-12T09:35:44","modified_gmt":"2025-11-12T09:35:44","slug":"grazinimo-ir-grazinimo-politika","status":"publish","type":"page","link":"https:\/\/bddance.lt\/lt\/grazinimo-ir-grazinimo-politika\/","title":{"rendered":"Gr\u0105\u017einimo ir gr\u0105\u017einimo politika"},"content":{"rendered":"\n<p><strong>Pristatymo ir gr\u0105\u017einimo politika<\/strong><\/p>\n\n<p><strong><u>Pristatymas:<\/u><\/strong><\/p>\n\n<p>I\u0161siuntimo laikas yra toks:<\/p>\n\n<p>- Sand\u0117lyje: nuo 24 iki 72 valand\u0173<\/p>\n\n<p>- Prek\u0117s i\u0161siun\u010diamos nuo pirmadienio iki penktadienio.<\/p>\n\n<p>- Pristatymo laikas yra ma\u017edaug nuo 1 iki 5 darbo dien\u0173 nuo prek\u0117s i\u0161siuntimo.<\/p>\n\n<p>- Siuntos nepristatomos \u0161e\u0161tadieniais, sekmadieniais, per Kal\u0117d\u0173 ir Velyk\u0173 \u0161ventes.<\/p>\n\n<p>- Siuntimo kaina ne\u012fskai\u010diuota \u012f bat\u0173 ar kit\u0173 pried\u0173 kain\u0105.<\/p>\n\n<p>- Visos prek\u0117s, \u012fsigytos i\u0161 &#8222;BD Dance Lietuva\", pristatomos naudojant<\/p>\n\n<p>OMNIVA siunt\u0173 ma\u0161inos Lietuvoje, Latvijoje, Estijoje.<\/p>\n\n<p>- Jei pasirinksite atsiimti i\u0161 fizin\u0117s parduotuv\u0117s (Kalvarij\u0173 g, 143, Vilnius)<\/p>\n\n<p>Laukite patvirtinimo, kad j\u016bs\u0173 u\u017esakymas paruo\u0161tas atsiimti.<\/p>\n\n<p>- \u012e kitas \u0161alis prekes pristato pripa\u017einta tarptautin\u0117 kurjeri\u0173 kompanija<\/p>\n\n<p>- Mes neatsakome, jei siunta v\u0117luoja d\u0117l ve\u017e\u0117jo problem\u0173.<\/p>\n\n<p>- Kaina priklauso nuo \u0161alies, \u012f kuri\u0105 siun\u010diama prek\u0117.<\/p>\n\n<p><strong><u>Gr\u0105\u017einti<\/u><\/strong>:<\/p>\n\n<p>- Jei gav\u0119 u\u017esakym\u0105 nesate patenkinti arba jums netinka dydis \/ modelis, prek\u0119 (-es) galite gr\u0105\u017einti per 14 dien\u0173 nuo u\u017esakymo gavimo dienos.<\/p>\n\n<p>- Produktas turi b\u016bti nenaudojamas.<\/p>\n\n<p>- Produktas turi b\u016bti gr\u0105\u017eintas tokios b\u016bkl\u0117s, kokios buvo i\u0161si\u0173stas, originalioje pakuot\u0117je, be joki\u0173 pa\u017eeidim\u0173.<\/p>\n\n<p>- Mes nepriimame pritaikyto gaminio gr\u0105\u017einimo, i\u0161skyrus atvejus, kai gaminys turi gamybos defekt\u0105.<\/p>\n\n<p>- Keitimo ir gr\u0105\u017einimo i\u0161laidos padengiamos i\u0161 j\u016bs\u0173 pa\u0161alpos.<\/p>\n\n<p>- Pinigai gr\u0105\u017einami per 14 dien\u0173 nuo gr\u0105\u017einamo produkto pristatymo \u012f parduotuv\u0119.<\/p>\n\n<p><\/p>\n\n<p><strong>SVARB\u016aS SIUNTIMO NURODYMAI<\/strong><\/p>\n\n<h4 class=\"wp-block-heading\">T\u0118STI GR\u0104\u017dINIM\u0104:<\/h4>\n\n<h4 class=\"wp-block-heading\">(tik Lietuvoje, Estijoje ir Latvijoje)<\/h4>\n\n<h4 class=\"wp-block-heading\">OMNIVA siunt\u0173 ma\u0161inos\/kurjeriai<\/h4>\n\n<ol class=\"wp-block-list\">\n<li>U\u017epildykite gr\u0105\u017einimo form\u0105: <a href=\"http:\/\/grazinimai.omniva.lt\/parduotuves\/bd-dance-lietuva\">http:\/\/grazinimai.omniva.lt\/parduotuves\/bd-dance-lietuva<\/a><\/li>\n\n\n\n<li>  I\u0161 s\u0105ra\u0161o pasirinkite BD dance Lietuva<\/li>\n<\/ol>\n\n<p>3. Supakuokite gr\u0105\u017einam\u0105 prek\u0119 ir \u012fd\u0117kite j\u0105 \u012f &#8222;Omniva\" siunt\u0173 ma\u0161inas<\/p>\n\n<p>4. Pinigai u\u017e gr\u0105\u017einamas prekes pervedami per 14 darbo dien\u0173 nuo preki\u0173 pristatymo \u012f el. parduotuv\u0119.<br\/>Gr\u0105\u017einimo paslaugos kaina: nuo 2,15 \u20ac.<\/p>\n\n<p><\/p>\n\n<p><strong>Kitoms \u0161alims :<\/strong><br\/>Pra\u0161ome si\u0173sti prekes, kurias norite gr\u0105\u017einti, per siunt\u0173 terminal\u0105 arba per kurjer\u012f, naudodamiesi patikimo siunt\u0173 pristatymo paslaug\u0173 teik\u0117jo paslaugomis.<\/p>\n\n<p>Si\u0173sdami prekes \u012f m\u016bs\u0173 parduotuv\u0119, visada nurodykite m\u016bs\u0173 kontaktin\u012f numer\u012f ir el. pa\u0161to adres\u0105.Jei \u0161i\u0173 duomen\u0173 nebus, siunta gali b\u016bti prarasta ir mes negal\u0117sime gr\u0105\u017einti pinig\u0173.<\/p>\n\n<p>Kai prek\u0117 bus i\u0161si\u0173sta, el. pa\u0161tu, &#8222;WhatsApp\" arba &#8222;Facebook Messenger\" pateikite mums sekimo numer\u012f.<\/p>\n\n<p><strong>Adresas:<\/strong><\/p>\n\n<p><strong>Kalvarij\u0173 g. 143 (BD \u0161oki\u0173 parduotuv\u0117), Vilnius, LT-08352, Lietuva, +3061428581   <\/strong><a href=\"mailto:shop@bddance.lt\"><strong>shop@bddance.lt<\/strong><\/a><strong> www.bddance.lt FB: BD Dance Lietuva<\/strong><\/p>\n","protected":false},"excerpt":{"rendered":"<p>Pristatymo ir gr\u0105\u017einimo politika Pristatymas: I\u0161siuntimo laikas yra toks: - Sand\u0117lyje: nuo 24 iki 72 valand\u0173 - Prek\u0117s i\u0161siun\u010diamos nuo pirmadienio iki penktadienio. - Pristatymo laikas yra ma\u017edaug nuo 1 iki 5 darbo dien\u0173 nuo prek\u0117s i\u0161siuntimo. - Siuntos nepristatomos \u0161e\u0161tadieniais, sekmadieniais, per Kal\u0117d\u0173 ir Velyk\u0173 \u0161ventes. - Siuntimo kaina ne\u012fskai\u010diuota \u012f bat\u0173 ar kit\u0173 pried\u0173 kain\u0105. - Visos prek\u0117s,\u2026<\/p>\n","protected":false},"author":1,"featured_media":0,"parent":0,"menu_order":0,"comment_status":"closed","ping_status":"closed","template":"","meta":{"footnotes":""},"class_list":["post-9797","page","type-page","status-publish","hentry"],"yoast_head":"<!-- This site is optimized with the Yoast SEO plugin v27.2 - https:\/\/yoast.com\/product\/yoast-seo-wordpress\/ -->\n<title>Gr\u0105\u017einimo ir gr\u0105\u017einimo politika - Dance shoes. Latin, classic, childrens, trainers shoes online shop.<\/title>\n<meta name=\"robots\" content=\"index, follow, max-snippet:-1, max-image-preview:large, max-video-preview:-1\" \/>\n<link rel=\"canonical\" href=\"https:\/\/bddance.lt\/lt\/grazinimo-ir-grazinimo-politika\/\" \/>\n<meta property=\"og:locale\" content=\"lt_LT\" \/>\n<meta property=\"og:type\" content=\"article\" \/>\n<meta property=\"og:title\" content=\"Gr\u0105\u017einimo ir gr\u0105\u017einimo politika - Dance shoes. Latin, classic, childrens, trainers shoes online shop.\" \/>\n<meta property=\"og:description\" content=\"Pristatymo ir gr\u0105\u017einimo politika Pristatymas: I\u0161siuntimo laikas yra toks: - Sand\u0117lyje: nuo 24 iki 72 valand\u0173 - Prek\u0117s i\u0161siun\u010diamos nuo pirmadienio iki penktadienio. - Pristatymo laikas yra ma\u017edaug nuo 1 iki 5 darbo dien\u0173 nuo prek\u0117s i\u0161siuntimo. - Siuntos nepristatomos \u0161e\u0161tadieniais, sekmadieniais, per Kal\u0117d\u0173 ir Velyk\u0173 \u0161ventes. - Siuntimo kaina ne\u012fskai\u010diuota \u012f bat\u0173 ar kit\u0173 pried\u0173 kain\u0105. - Visos prek\u0117s,\u2026\" \/>\n<meta property=\"og:url\" content=\"https:\/\/bddance.lt\/lt\/grazinimo-ir-grazinimo-politika\/\" \/>\n<meta property=\"og:site_name\" content=\"Dance shoes. Latin, classic, childrens, trainers shoes online shop.\" \/>\n<meta property=\"article:modified_time\" content=\"2025-11-12T09:35:44+00:00\" \/>\n<meta name=\"twitter:card\" content=\"summary_large_image\" \/>\n<meta name=\"twitter:label1\" content=\"Est. reading time\" \/>\n\t<meta name=\"twitter:data1\" content=\"2 minut\u0117s\" \/>\n<script type=\"application\/ld+json\" class=\"yoast-schema-graph\">{\"@context\":\"https:\/\/schema.org\",\"@graph\":[{\"@type\":\"WebPage\",\"@id\":\"https:\/\/bddance.lt\/lt\/grazinimo-ir-grazinimo-politika\/\",\"url\":\"https:\/\/bddance.lt\/lt\/grazinimo-ir-grazinimo-politika\/\",\"name\":\"Gr\u0105\u017einimo ir gr\u0105\u017einimo politika - Dance shoes. Latin, classic, childrens, trainers shoes online shop.\",\"isPartOf\":{\"@id\":\"https:\/\/bddance.lt\/lt\/#website\"},\"datePublished\":\"2025-02-17T08:45:19+00:00\",\"dateModified\":\"2025-11-12T09:35:44+00:00\",\"breadcrumb\":{\"@id\":\"https:\/\/bddance.lt\/lt\/grazinimo-ir-grazinimo-politika\/#breadcrumb\"},\"inLanguage\":\"lt-LT\",\"potentialAction\":[{\"@type\":\"ReadAction\",\"target\":[\"https:\/\/bddance.lt\/lt\/grazinimo-ir-grazinimo-politika\/\"]}]},{\"@type\":\"BreadcrumbList\",\"@id\":\"https:\/\/bddance.lt\/lt\/grazinimo-ir-grazinimo-politika\/#breadcrumb\",\"itemListElement\":[{\"@type\":\"ListItem\",\"position\":1,\"name\":\"Home\",\"item\":\"https:\/\/bddance.lt\/lt\/\"},{\"@type\":\"ListItem\",\"position\":2,\"name\":\"Gr\u0105\u017einimo ir gr\u0105\u017einimo politika\"}]},{\"@type\":\"WebSite\",\"@id\":\"https:\/\/bddance.lt\/lt\/#website\",\"url\":\"https:\/\/bddance.lt\/lt\/\",\"name\":\"Dance shoes. Latin, classic, childrens, trainers shoes online shop.\",\"description\":\"\",\"potentialAction\":[{\"@type\":\"SearchAction\",\"target\":{\"@type\":\"EntryPoint\",\"urlTemplate\":\"https:\/\/bddance.lt\/lt\/?s={search_term_string}\"},\"query-input\":{\"@type\":\"PropertyValueSpecification\",\"valueRequired\":true,\"valueName\":\"search_term_string\"}}],\"inLanguage\":\"lt-LT\"}]}<\/script>\n<!-- \/ Yoast SEO plugin. -->","yoast_head_json":{"title":"Gr\u0105\u017einimo ir gr\u0105\u017einimo politika - Dance shoes. Latin, classic, childrens, trainers shoes online shop.","robots":{"index":"index","follow":"follow","max-snippet":"max-snippet:-1","max-image-preview":"max-image-preview:large","max-video-preview":"max-video-preview:-1"},"canonical":"https:\/\/bddance.lt\/lt\/grazinimo-ir-grazinimo-politika\/","og_locale":"lt_LT","og_type":"article","og_title":"Gr\u0105\u017einimo ir gr\u0105\u017einimo politika - Dance shoes. Latin, classic, childrens, trainers shoes online shop.","og_description":"Pristatymo ir gr\u0105\u017einimo politika Pristatymas: I\u0161siuntimo laikas yra toks: - Sand\u0117lyje: nuo 24 iki 72 valand\u0173 - Prek\u0117s i\u0161siun\u010diamos nuo pirmadienio iki penktadienio. - Pristatymo laikas yra ma\u017edaug nuo 1 iki 5 darbo dien\u0173 nuo prek\u0117s i\u0161siuntimo. - Siuntos nepristatomos \u0161e\u0161tadieniais, sekmadieniais, per Kal\u0117d\u0173 ir Velyk\u0173 \u0161ventes. - Siuntimo kaina ne\u012fskai\u010diuota \u012f bat\u0173 ar kit\u0173 pried\u0173 kain\u0105. - Visos prek\u0117s,\u2026","og_url":"https:\/\/bddance.lt\/lt\/grazinimo-ir-grazinimo-politika\/","og_site_name":"Dance shoes. Latin, classic, childrens, trainers shoes online shop.","article_modified_time":"2025-11-12T09:35:44+00:00","twitter_card":"summary_large_image","twitter_misc":{"Est. reading time":"2 minut\u0117s"},"schema":{"@context":"https:\/\/schema.org","@graph":[{"@type":"WebPage","@id":"https:\/\/bddance.lt\/lt\/grazinimo-ir-grazinimo-politika\/","url":"https:\/\/bddance.lt\/lt\/grazinimo-ir-grazinimo-politika\/","name":"Gr\u0105\u017einimo ir gr\u0105\u017einimo politika - Dance shoes. Latin, classic, childrens, trainers shoes online shop.","isPartOf":{"@id":"https:\/\/bddance.lt\/lt\/#website"},"datePublished":"2025-02-17T08:45:19+00:00","dateModified":"2025-11-12T09:35:44+00:00","breadcrumb":{"@id":"https:\/\/bddance.lt\/lt\/grazinimo-ir-grazinimo-politika\/#breadcrumb"},"inLanguage":"lt-LT","potentialAction":[{"@type":"ReadAction","target":["https:\/\/bddance.lt\/lt\/grazinimo-ir-grazinimo-politika\/"]}]},{"@type":"BreadcrumbList","@id":"https:\/\/bddance.lt\/lt\/grazinimo-ir-grazinimo-politika\/#breadcrumb","itemListElement":[{"@type":"ListItem","position":1,"name":"Home","item":"https:\/\/bddance.lt\/lt\/"},{"@type":"ListItem","position":2,"name":"Gr\u0105\u017einimo ir gr\u0105\u017einimo politika"}]},{"@type":"WebSite","@id":"https:\/\/bddance.lt\/lt\/#website","url":"https:\/\/bddance.lt\/lt\/","name":"Dance shoes. Latin, classic, childrens, trainers shoes online shop.","description":"","potentialAction":[{"@type":"SearchAction","target":{"@type":"EntryPoint","urlTemplate":"https:\/\/bddance.lt\/lt\/?s={search_term_string}"},"query-input":{"@type":"PropertyValueSpecification","valueRequired":true,"valueName":"search_term_string"}}],"inLanguage":"lt-LT"}]}},"_links":{"self":[{"href":"https:\/\/bddance.lt\/lt\/wp-json\/wp\/v2\/pages\/9797","targetHints":{"allow":["GET"]}}],"collection":[{"href":"https:\/\/bddance.lt\/lt\/wp-json\/wp\/v2\/pages"}],"about":[{"href":"https:\/\/bddance.lt\/lt\/wp-json\/wp\/v2\/types\/page"}],"author":[{"embeddable":true,"href":"https:\/\/bddance.lt\/lt\/wp-json\/wp\/v2\/users\/1"}],"replies":[{"embeddable":true,"href":"https:\/\/bddance.lt\/lt\/wp-json\/wp\/v2\/comments?post=9797"}],"version-history":[{"count":4,"href":"https:\/\/bddance.lt\/lt\/wp-json\/wp\/v2\/pages\/9797\/revisions"}],"predecessor-version":[{"id":13388,"href":"https:\/\/bddance.lt\/lt\/wp-json\/wp\/v2\/pages\/9797\/revisions\/13388"}],"wp:attachment":[{"href":"https:\/\/bddance.lt\/lt\/wp-json\/wp\/v2\/media?parent=9797"}],"curies":[{"name":"wp","href":"https:\/\/api.w.org\/{rel}","templated":true}]}}