{"id":9805,"date":"2025-01-08T11:35:15","date_gmt":"2025-01-08T11:35:15","guid":{"rendered":"https:\/\/bddance.lt\/privatumo-politika\/"},"modified":"2025-10-27T20:05:09","modified_gmt":"2025-10-27T20:05:09","slug":"privatumo-politika","status":"publish","type":"page","link":"https:\/\/bddance.lt\/lt\/privatumo-politika\/","title":{"rendered":"Privatumo politika"},"content":{"rendered":"\n<h6 class=\"wp-block-heading\">bddance.lt svetain\u0117 priklauso BD DANCE LIETUVA, kuri yra j\u016bs\u0173 asmens duomen\u0173 valdytoja.<\/h6>\n\n<p>Mes patvirtinome \u0161i\u0105 privatumo politik\u0105, kuri nustato, kaip tvarkome bddance.lt surinkt\u0105 informacij\u0105, taip pat nurodo prie\u017eastis, d\u0117l kuri\u0173 turime rinkti tam tikrus j\u016bs\u0173 asmens duomenis. Tod\u0117l prie\u0161 naudodamiesi shop.bddance.lt svetaine, privalote perskaityti \u0161i\u0105 Privatumo politik\u0105. <\/p>\n\n<p>R\u016bpinam\u0117s j\u016bs\u0173 asmens duomenimis ir \u012fsipareigojame u\u017etikrinti j\u0173 konfidencialum\u0105 ir saugum\u0105.<\/p>\n\n<h6 class=\"wp-block-heading\">Renkama asmenin\u0117 informacija:<\/h6>\n\n<p>Kai lankot\u0117s bddance.lt, mes automati\u0161kai renkame tam tikr\u0105 informacij\u0105 apie j\u016bs\u0173 \u012frengin\u012f, \u012fskaitant informacij\u0105 apie j\u016bs\u0173 interneto nar\u0161ykl\u0119, IP adres\u0105, laiko zon\u0105 ir kai kuriuos j\u016bs\u0173 \u012frenginyje \u012fdiegtus slapukus. Be to, jums nar\u0161ant Svetain\u0117je, mes renkame informacij\u0105 apie atskirus tinklalapius ar produktus, kuriuos per\u017ei\u016brite, kokios svetain\u0117s ar paie\u0161kos terminai nukreip\u0117 jus \u012f Svetain\u0119 ir kaip s\u0105veikaujate su Svetaine. \u0160i\u0105 automati\u0161kai renkam\u0105 informacij\u0105 vadiname &#8222;\u012erenginio informacija\". Be to, kad gal\u0117tume \u012fvykdyti sutart\u012f, galime rinkti asmens duomenis, kuriuos mums pateikiate (\u012fskaitant, bet neapsiribojant, Vard\u0105, Pavard\u0119, Adres\u0105, mok\u0117jimo informacij\u0105 ir t. t.) registracijos metu.   <\/p>\n\n<h6 class=\"wp-block-heading\">Kod\u0117l tvarkome j\u016bs\u0173 duomenis?<\/h6>\n\n<p>Svarbiausias m\u016bs\u0173 prioritetas - klient\u0173 duomen\u0173 saugumas, tod\u0117l galime tvarkyti tik minimalius naudotoj\u0173 duomenis, tik tiek, kiek j\u0173 b\u016btinai reikia svetainei palaikyti. Automati\u0161kai surinkta informacija naudojama tik galimiems piktnaud\u017eiavimo atvejams nustatyti ir statistinei informacijai apie svetain\u0117s naudojim\u0105 nustatyti. \u0160i statistin\u0117 informacija n\u0117ra kitaip apibendrinama taip, kad pagal j\u0105 b\u016bt\u0173 galima identifikuoti konkret\u0173 sistemos naudotoj\u0105.  <\/p>\n\n<p>Galite lankytis svetain\u0117je nenurodydami mums, kas esate, ir neatskleisdami jokios informacijos, pagal kuri\u0105 kas nors gal\u0117t\u0173 jus identifikuoti kaip konkret\u0173 asmen\u012f. Ta\u010diau jei norite naudotis kai kuriomis svetain\u0117s funkcijomis arba norite gauti m\u016bs\u0173 naujienlai\u0161k\u012f, arba u\u017epildydami form\u0105 pateikti kit\u0105 informacij\u0105, galite pateikti mums savo asmens duomenis, pavyzd\u017eiui, el. pa\u0161to adres\u0105, vard\u0105, pavard\u0119, gyvenam\u0105j\u012f miest\u0105, organizacij\u0105, telefono numer\u012f. Galite nuspr\u0119sti neteikti mums savo asmens duomen\u0173, ta\u010diau tuomet negal\u0117site naudotis kai kuriomis svetain\u0117s funkcijomis. Pavyzd\u017eiui, negal\u0117site gauti m\u016bs\u0173 naujienlai\u0161kio arba susisiekti su mumis tiesiogiai i\u0161 svetain\u0117s. Vartotojai, kurie n\u0117ra tikri d\u0117l to, kokia informacija yra privaloma, gali susisiekti su mumis el. pa\u0161tu <a href=\"mailto:veronikagolodneva@gmail.com\" target=\"_blank\" rel=\"noreferrer noopener\">veronikagolodneva@gmail.com<\/a>.    <\/p>\n\n<h6 class=\"wp-block-heading\">J\u016bs\u0173 teis\u0117s:<\/h6>\n\n<p>Jei esate Europos gyventojas, turite \u0161ias teises, susijusias su j\u016bs\u0173 asmens duomenimis:<\/p>\n\n<ul class=\"wp-block-list\">\n<li>Teis\u0117 b\u016bti informuotam.<\/li>\n\n\n\n<li>Teis\u0117 susipa\u017einti su dokumentais.<\/li>\n\n\n\n<li>Teis\u0117 \u012f i\u0161taisym\u0105.<\/li>\n\n\n\n<li>Teis\u0117 \u012f i\u0161trynim\u0105.<\/li>\n\n\n\n<li>Teis\u0117 apriboti duomen\u0173 tvarkym\u0105.<\/li>\n\n\n\n<li>Teis\u0117 \u012f duomen\u0173 perkeliamum\u0105.<\/li>\n\n\n\n<li>Teis\u0117 prie\u0161tarauti.<\/li>\n\n\n\n<li>Teis\u0117s, susijusios su automatizuotu sprendim\u0173 pri\u0117mimu ir profiliavimu.<\/li>\n<\/ul>\n\n<p>Jei norite pasinaudoti \u0161ia teise, susisiekite su mumis toliau nurodytais kontaktiniais duomenimis.<\/p>\n\n<p>Be to, jei esate Europos gyventojas, pa\u017eymime, kad j\u016bs\u0173 informacij\u0105 tvarkome siekdami \u012fvykdyti su jumis sudarytas sutartis (pavyzd\u017eiui, jei Svetain\u0117je pateikiate u\u017esakym\u0105) arba siekdami pirmiau i\u0161vardyt\u0173 teis\u0117t\u0173 verslo interes\u0173. Be to, atkreipkite d\u0117mes\u012f, kad j\u016bs\u0173 informacija gali b\u016bti perduodama u\u017e Europos rib\u0173, \u012fskaitant Kanad\u0105 ir Jungtines Amerikos Valstijas. <\/p>\n\n<h6 class=\"wp-block-heading\">Nuorodos \u012f kitas svetaines:<\/h6>\n\n<p>M\u016bs\u0173 svetain\u0117je gali b\u016bti nuorod\u0173 \u012f kitas svetaines, kurios mums nepriklauso ir kuri\u0173 mes nekontroliuojame. Atkreipkite d\u0117mes\u012f, kad mes neatsakome u\u017e tokias kitas svetaines ar tre\u010di\u0173j\u0173 \u0161ali\u0173 privatumo praktik\u0105. Raginame jus atkreipti d\u0117mes\u012f, kai i\u0161einate i\u0161 m\u016bs\u0173 svetain\u0117s, ir perskaityti kiekvienos svetain\u0117s, kurioje gali b\u016bti renkama asmenin\u0117 informacija, privatumo parei\u0161kimus.  <\/p>\n\n<h6 class=\"wp-block-heading\">Informacijos saugumas:<\/h6>\n\n<p>J\u016bs\u0173 pateikt\u0105 informacij\u0105 saugome kompiuteri\u0173 serveriuose kontroliuojamoje, saugioje aplinkoje, apsaugotoje nuo neteis\u0117tos prieigos, naudojimo ar atskleidimo. Mes taikome pagr\u012fstas administracines, technines ir fizines apsaugos priemones, kad apsisaugotume nuo neteis\u0117tos prieigos, naudojimo, keitimo ir asmens duomen\u0173 atskleidimo, kai juos kontroliuojame ir saugome. Ta\u010diau joks duomen\u0173 perdavimas internetu ar belaid\u017eiu tinklu negali b\u016bti garantuotas.  <\/p>\n\n<h6 class=\"wp-block-heading\">Teisinis atskleidimas:<\/h6>\n\n<p>Atskleisime bet koki\u0105 surinkt\u0105, naudojam\u0105 ar gaut\u0105 informacij\u0105, jei to reikalauja ar leid\u017eia \u012fstatymai, pavyzd\u017eiui, nor\u0117dami \u012fvykdyti teismo \u0161aukim\u0105 ar pana\u0161\u0173 teisin\u012f proces\u0105, ir kai s\u0105\u017einingai manome, kad atskleisti informacij\u0105 b\u016btina siekiant apsaugoti savo teises, j\u016bs\u0173 ar kit\u0173 asmen\u0173 saugum\u0105, i\u0161tirti suk\u010diavim\u0105 arba atsakyti \u012f vyriausyb\u0117s pra\u0161ym\u0105.<\/p>\n\n<h6 class=\"wp-block-heading\">Kontaktin\u0117 informacija:<\/h6>\n\n<p>Jei norite susisiekti su mumis, kad su\u017einotum\u0117te daugiau apie \u0161i\u0105 Politik\u0105, arba norite susisiekti su mumis bet kokiu klausimu, susijusiu su asmenin\u0117mis teis\u0117mis ir j\u016bs\u0173 Asmens duomenimis, galite si\u0173sti el. lai\u0161k\u0105 adresu <a href=\"mailto:veronikagolodneva@gmail.com\" target=\"_blank\" rel=\"noreferrer noopener\">veronikagolodneva@gmail.com<\/a>.<\/p>\n","protected":false},"excerpt":{"rendered":"<p>bddance.lt svetain\u0117 priklauso BD DANCE LIETUVA, kuri yra j\u016bs\u0173 asmens duomen\u0173 valdytoja. Mes patvirtinome \u0161i\u0105 privatumo politik\u0105, kuri nustato, kaip tvarkome bddance.lt surinkt\u0105 informacij\u0105, taip pat nurodo prie\u017eastis, d\u0117l kuri\u0173 turime rinkti tam tikrus j\u016bs\u0173 asmens duomenis. Tod\u0117l prie\u0161 naudodamiesi shop.bddance.lt svetaine, privalote perskaityti \u0161i\u0105 Privatumo politik\u0105. R\u016bpinam\u0117s j\u016bs\u0173 asmens duomenimis ir \u012fsipareigojame u\u017etikrinti j\u0173 konfidencialum\u0105 ir saugum\u0105. Renkama asmenin\u0117\u2026<\/p>\n","protected":false},"author":1,"featured_media":0,"parent":0,"menu_order":0,"comment_status":"closed","ping_status":"open","template":"","meta":{"footnotes":""},"class_list":["post-9805","page","type-page","status-publish","hentry"],"yoast_head":"<!-- This site is optimized with the Yoast SEO plugin v27.2 - https:\/\/yoast.com\/product\/yoast-seo-wordpress\/ -->\n<title>Privatumo politika - Dance shoes. Latin, classic, childrens, trainers shoes online shop.<\/title>\n<meta name=\"robots\" content=\"index, follow, max-snippet:-1, max-image-preview:large, max-video-preview:-1\" \/>\n<link rel=\"canonical\" href=\"https:\/\/bddance.lt\/lt\/privatumo-politika\/\" \/>\n<meta property=\"og:locale\" content=\"lt_LT\" \/>\n<meta property=\"og:type\" content=\"article\" \/>\n<meta property=\"og:title\" content=\"Privatumo politika - Dance shoes. Latin, classic, childrens, trainers shoes online shop.\" \/>\n<meta property=\"og:description\" content=\"bddance.lt svetain\u0117 priklauso BD DANCE LIETUVA, kuri yra j\u016bs\u0173 asmens duomen\u0173 valdytoja. Mes patvirtinome \u0161i\u0105 privatumo politik\u0105, kuri nustato, kaip tvarkome bddance.lt surinkt\u0105 informacij\u0105, taip pat nurodo prie\u017eastis, d\u0117l kuri\u0173 turime rinkti tam tikrus j\u016bs\u0173 asmens duomenis. Tod\u0117l prie\u0161 naudodamiesi shop.bddance.lt svetaine, privalote perskaityti \u0161i\u0105 Privatumo politik\u0105. R\u016bpinam\u0117s j\u016bs\u0173 asmens duomenimis ir \u012fsipareigojame u\u017etikrinti j\u0173 konfidencialum\u0105 ir saugum\u0105. Renkama asmenin\u0117\u2026\" \/>\n<meta property=\"og:url\" content=\"https:\/\/bddance.lt\/lt\/privatumo-politika\/\" \/>\n<meta property=\"og:site_name\" content=\"Dance shoes. Latin, classic, childrens, trainers shoes online shop.\" \/>\n<meta property=\"article:modified_time\" content=\"2025-10-27T20:05:09+00:00\" \/>\n<meta name=\"twitter:card\" content=\"summary_large_image\" \/>\n<meta name=\"twitter:label1\" content=\"Est. reading time\" \/>\n\t<meta name=\"twitter:data1\" content=\"4 minut\u0117s\" \/>\n<script type=\"application\/ld+json\" class=\"yoast-schema-graph\">{\"@context\":\"https:\/\/schema.org\",\"@graph\":[{\"@type\":\"WebPage\",\"@id\":\"https:\/\/bddance.lt\/lt\/privatumo-politika\/\",\"url\":\"https:\/\/bddance.lt\/lt\/privatumo-politika\/\",\"name\":\"Privatumo politika - Dance shoes. Latin, classic, childrens, trainers shoes online shop.\",\"isPartOf\":{\"@id\":\"https:\/\/bddance.lt\/lt\/#website\"},\"datePublished\":\"2025-01-08T11:35:15+00:00\",\"dateModified\":\"2025-10-27T20:05:09+00:00\",\"breadcrumb\":{\"@id\":\"https:\/\/bddance.lt\/lt\/privatumo-politika\/#breadcrumb\"},\"inLanguage\":\"lt-LT\",\"potentialAction\":[{\"@type\":\"ReadAction\",\"target\":[\"https:\/\/bddance.lt\/lt\/privatumo-politika\/\"]}]},{\"@type\":\"BreadcrumbList\",\"@id\":\"https:\/\/bddance.lt\/lt\/privatumo-politika\/#breadcrumb\",\"itemListElement\":[{\"@type\":\"ListItem\",\"position\":1,\"name\":\"Home\",\"item\":\"https:\/\/bddance.lt\/lt\/\"},{\"@type\":\"ListItem\",\"position\":2,\"name\":\"Privatumo politika\"}]},{\"@type\":\"WebSite\",\"@id\":\"https:\/\/bddance.lt\/lt\/#website\",\"url\":\"https:\/\/bddance.lt\/lt\/\",\"name\":\"Dance shoes. Latin, classic, childrens, trainers shoes online shop.\",\"description\":\"\",\"potentialAction\":[{\"@type\":\"SearchAction\",\"target\":{\"@type\":\"EntryPoint\",\"urlTemplate\":\"https:\/\/bddance.lt\/lt\/?s={search_term_string}\"},\"query-input\":{\"@type\":\"PropertyValueSpecification\",\"valueRequired\":true,\"valueName\":\"search_term_string\"}}],\"inLanguage\":\"lt-LT\"}]}<\/script>\n<!-- \/ Yoast SEO plugin. -->","yoast_head_json":{"title":"Privatumo politika - Dance shoes. Latin, classic, childrens, trainers shoes online shop.","robots":{"index":"index","follow":"follow","max-snippet":"max-snippet:-1","max-image-preview":"max-image-preview:large","max-video-preview":"max-video-preview:-1"},"canonical":"https:\/\/bddance.lt\/lt\/privatumo-politika\/","og_locale":"lt_LT","og_type":"article","og_title":"Privatumo politika - Dance shoes. Latin, classic, childrens, trainers shoes online shop.","og_description":"bddance.lt svetain\u0117 priklauso BD DANCE LIETUVA, kuri yra j\u016bs\u0173 asmens duomen\u0173 valdytoja. Mes patvirtinome \u0161i\u0105 privatumo politik\u0105, kuri nustato, kaip tvarkome bddance.lt surinkt\u0105 informacij\u0105, taip pat nurodo prie\u017eastis, d\u0117l kuri\u0173 turime rinkti tam tikrus j\u016bs\u0173 asmens duomenis. Tod\u0117l prie\u0161 naudodamiesi shop.bddance.lt svetaine, privalote perskaityti \u0161i\u0105 Privatumo politik\u0105. R\u016bpinam\u0117s j\u016bs\u0173 asmens duomenimis ir \u012fsipareigojame u\u017etikrinti j\u0173 konfidencialum\u0105 ir saugum\u0105. Renkama asmenin\u0117\u2026","og_url":"https:\/\/bddance.lt\/lt\/privatumo-politika\/","og_site_name":"Dance shoes. Latin, classic, childrens, trainers shoes online shop.","article_modified_time":"2025-10-27T20:05:09+00:00","twitter_card":"summary_large_image","twitter_misc":{"Est. reading time":"4 minut\u0117s"},"schema":{"@context":"https:\/\/schema.org","@graph":[{"@type":"WebPage","@id":"https:\/\/bddance.lt\/lt\/privatumo-politika\/","url":"https:\/\/bddance.lt\/lt\/privatumo-politika\/","name":"Privatumo politika - Dance shoes. Latin, classic, childrens, trainers shoes online shop.","isPartOf":{"@id":"https:\/\/bddance.lt\/lt\/#website"},"datePublished":"2025-01-08T11:35:15+00:00","dateModified":"2025-10-27T20:05:09+00:00","breadcrumb":{"@id":"https:\/\/bddance.lt\/lt\/privatumo-politika\/#breadcrumb"},"inLanguage":"lt-LT","potentialAction":[{"@type":"ReadAction","target":["https:\/\/bddance.lt\/lt\/privatumo-politika\/"]}]},{"@type":"BreadcrumbList","@id":"https:\/\/bddance.lt\/lt\/privatumo-politika\/#breadcrumb","itemListElement":[{"@type":"ListItem","position":1,"name":"Home","item":"https:\/\/bddance.lt\/lt\/"},{"@type":"ListItem","position":2,"name":"Privatumo politika"}]},{"@type":"WebSite","@id":"https:\/\/bddance.lt\/lt\/#website","url":"https:\/\/bddance.lt\/lt\/","name":"Dance shoes. Latin, classic, childrens, trainers shoes online shop.","description":"","potentialAction":[{"@type":"SearchAction","target":{"@type":"EntryPoint","urlTemplate":"https:\/\/bddance.lt\/lt\/?s={search_term_string}"},"query-input":{"@type":"PropertyValueSpecification","valueRequired":true,"valueName":"search_term_string"}}],"inLanguage":"lt-LT"}]}},"_links":{"self":[{"href":"https:\/\/bddance.lt\/lt\/wp-json\/wp\/v2\/pages\/9805","targetHints":{"allow":["GET"]}}],"collection":[{"href":"https:\/\/bddance.lt\/lt\/wp-json\/wp\/v2\/pages"}],"about":[{"href":"https:\/\/bddance.lt\/lt\/wp-json\/wp\/v2\/types\/page"}],"author":[{"embeddable":true,"href":"https:\/\/bddance.lt\/lt\/wp-json\/wp\/v2\/users\/1"}],"replies":[{"embeddable":true,"href":"https:\/\/bddance.lt\/lt\/wp-json\/wp\/v2\/comments?post=9805"}],"version-history":[{"count":3,"href":"https:\/\/bddance.lt\/lt\/wp-json\/wp\/v2\/pages\/9805\/revisions"}],"predecessor-version":[{"id":13286,"href":"https:\/\/bddance.lt\/lt\/wp-json\/wp\/v2\/pages\/9805\/revisions\/13286"}],"wp:attachment":[{"href":"https:\/\/bddance.lt\/lt\/wp-json\/wp\/v2\/media?parent=9805"}],"curies":[{"name":"wp","href":"https:\/\/api.w.org\/{rel}","templated":true}]}}