{"id":9809,"date":"2025-02-24T10:26:42","date_gmt":"2025-02-24T10:26:42","guid":{"rendered":"https:\/\/bddance.lt\/rezervacija\/"},"modified":"2025-03-02T18:14:44","modified_gmt":"2025-03-02T18:14:44","slug":"rezervacija","status":"publish","type":"page","link":"https:\/\/bddance.lt\/lt\/rezervacija\/","title":{"rendered":"Rezervacija"},"content":{"rendered":"\n<p>Gerbiami klientai,<br\/>Siekdami suteikti jums geriausias paslaugas, maloniai pra\u0161ome i\u0161 anksto rezervuoti susitikim\u0105:<br\/>- 15 min (jei \u017einote savo dyd\u012f\/model\u012f)<br\/>- 30 min (jei ne\u017einote savo dyd\u017eio\/modelio)<br\/>- 60 min (jei norite \u012fsigyti daugiau nei 2 skirting\u0173 r\u016b\u0161i\u0173 bat\u0173 ir ne\u017einote dyd\u017eio\/modelio).<\/p>\n\n<p><br\/>D\u0117kojame u\u017e bendradarbiavim\u0105<\/p>\n\n<p><br\/>Adresas: &#8222;KALVARIJU g. 143, Vilnius.<\/p>\n<!--\nPlugin Name: Bookly - Responsive WordPress Appointment Booking and Scheduling Plugin\nPlugin URI: https:\/\/www.booking-wp-plugin.com\/?utm_source=bookly_admin&utm_medium=plugins_page&utm_campaign=plugins_page\nVersion: 27.2-->\n<style type=\"text\/css\">\n    :root {\n        --bookly-main-color: #f4662f !important;\n        --bookly-color: #f4662f !important;\n    }\n\n    <\/style><div class=\"bookly-css-root\">\n    <div id=\"bookly-form-container-69e88669aa9c9\" class=\"bookly-form\" data-form_id=\"\" aria-live=\"polite\">\n        <div style=\"text-align: center\"><img decoding=\"async\" src=\"https:\/\/bddance.lt\/wp-includes\/js\/tinymce\/skins\/lightgray\/img\/loader.gif\" alt=\"Loading...\"\/><\/div>\n    <\/div>\n<\/div>\n<script type=\"text\/javascript\">\n    (function (win, fn) {\n        var done = false, top = true,\n            doc = win.document,\n            root = doc.documentElement,\n            modern = doc.addEventListener,\n            add = modern ? 'addEventListener' : 'attachEvent',\n            rem = modern ? 'removeEventListener' : 'detachEvent',\n            pre = modern ? '' : 'on',\n            init = function (e) {\n                if (e.type == 'readystatechange') if (doc.readyState != 'complete') return;\n                (e.type == 'load' ? win : doc)[rem](pre + e.type, init, false);\n                if (!done) {\n                    done = true;\n                    fn.call(win, e.type || e);\n                }\n            },\n            poll = function () {\n                try {\n                    root.doScroll('left');\n                } catch (e) {\n                    setTimeout(poll, 50);\n                    return;\n                }\n                init('poll');\n            };\n        if (doc.readyState == 'complete') fn.call(win, 'lazy');\n        else {\n            if (!modern) if (root.doScroll) {\n                try {\n                    top = !win.frameElement;\n                } catch (e) {\n                }\n                if (top) poll();\n            }\n            doc[add](pre + 'DOMContentLoaded', init, false);\n            doc[add](pre + 'readystatechange', init, false);\n            win[add](pre + 'load', init, false);\n        }\n    })(window, function () {\n        window.bookly( {\"form_id\":\"69e88669aa9c9\",\"form_data\":{\"skip_service_step\":0,\"hide_service_part1\":0,\"hide_service_part2\":0,\"defaults\":{\"service_id\":0,\"staff_id\":0,\"location_id\":0,\"category_id\":0,\"units\":0,\"date_from\":0,\"time_from\":0,\"time_to\":0}},\"status\":{\"booking\":\"new\"},\"form_token\":null,\"skip_steps\":{\"service_part1\":0,\"service_part2\":0,\"extras\":1,\"time\":0,\"repeat\":1,\"cart\":1},\"errors\":{\"session_error\":\"Session error.\",\"form_id_error\":\"Form ID error.\",\"cart_item_not_available\":\"The selected time is not available anymore. Please, choose another time slot.\",\"pay_locally_not_available\":\"Pay locally is not available.\",\"invalid_gateway\":\"Invalid gateway.\",\"payment_error\":\"Error.\",\"incorrect_username_password\":\"Neteisingas vartotojo vardas ar slapta\\u017eodis.\"},\"form_attributes\":{\"hide_categories\":false,\"hide_services\":false,\"hide_staff_members\":false,\"show_number_of_persons\":false,\"hide_service_duration\":true,\"hide_locations\":true,\"hide_quantity\":true,\"hide_date\":false,\"hide_week_days\":false,\"hide_time_range\":false},\"use_client_time_zone\":0,\"defaults\":{\"service_id\":0,\"staff_id\":0,\"location_id\":0,\"category_id\":0},\"datepicker_mode\":\"text-accent\"} );\n    });\n<\/script>\n","protected":false},"excerpt":{"rendered":"<p>Gerbiami klientai,Siekdami suteikti jums geriausias paslaugas, maloniai pra\u0161ome i\u0161 anksto rezervuoti susitikim\u0105:- 15 min (jei \u017einote savo dyd\u012f\/model\u012f)- 30 min (jei ne\u017einote savo dyd\u017eio\/modelio)- 60 min (jei norite \u012fsigyti daugiau nei 2 skirting\u0173 r\u016b\u0161i\u0173 bat\u0173 ir ne\u017einote dyd\u017eio\/modelio). D\u0117kojame u\u017e bendradarbiavim\u0105 Adresas: &#8222;KALVARIJU g. 143, Vilnius.<\/p>\n","protected":false},"author":1,"featured_media":0,"parent":0,"menu_order":0,"comment_status":"closed","ping_status":"closed","template":"","meta":{"footnotes":""},"class_list":["post-9809","page","type-page","status-publish","hentry"],"yoast_head":"<!-- This site is optimized with the Yoast SEO plugin v27.2 - https:\/\/yoast.com\/product\/yoast-seo-wordpress\/ -->\n<title>Rezervacija - Dance shoes. Latin, classic, childrens, trainers shoes online shop.<\/title>\n<meta name=\"robots\" content=\"index, follow, max-snippet:-1, max-image-preview:large, max-video-preview:-1\" \/>\n<link rel=\"canonical\" href=\"https:\/\/bddance.lt\/lt\/rezervacija\/\" \/>\n<meta property=\"og:locale\" content=\"lt_LT\" \/>\n<meta property=\"og:type\" content=\"article\" \/>\n<meta property=\"og:title\" content=\"Rezervacija - Dance shoes. Latin, classic, childrens, trainers shoes online shop.\" \/>\n<meta property=\"og:description\" content=\"Gerbiami klientai,Siekdami suteikti jums geriausias paslaugas, maloniai pra\u0161ome i\u0161 anksto rezervuoti susitikim\u0105:- 15 min (jei \u017einote savo dyd\u012f\/model\u012f)- 30 min (jei ne\u017einote savo dyd\u017eio\/modelio)- 60 min (jei norite \u012fsigyti daugiau nei 2 skirting\u0173 r\u016b\u0161i\u0173 bat\u0173 ir ne\u017einote dyd\u017eio\/modelio). D\u0117kojame u\u017e bendradarbiavim\u0105 Adresas: &#8222;KALVARIJU g. 143, Vilnius.\" \/>\n<meta property=\"og:url\" content=\"https:\/\/bddance.lt\/lt\/rezervacija\/\" \/>\n<meta property=\"og:site_name\" content=\"Dance shoes. Latin, classic, childrens, trainers shoes online shop.\" \/>\n<meta property=\"article:modified_time\" content=\"2025-03-02T18:14:44+00:00\" \/>\n<meta name=\"twitter:card\" content=\"summary_large_image\" \/>\n<script type=\"application\/ld+json\" class=\"yoast-schema-graph\">{\"@context\":\"https:\/\/schema.org\",\"@graph\":[{\"@type\":\"WebPage\",\"@id\":\"https:\/\/bddance.lt\/lt\/rezervacija\/\",\"url\":\"https:\/\/bddance.lt\/lt\/rezervacija\/\",\"name\":\"Rezervacija - Dance shoes. Latin, classic, childrens, trainers shoes online shop.\",\"isPartOf\":{\"@id\":\"https:\/\/bddance.lt\/lt\/#website\"},\"datePublished\":\"2025-02-24T10:26:42+00:00\",\"dateModified\":\"2025-03-02T18:14:44+00:00\",\"breadcrumb\":{\"@id\":\"https:\/\/bddance.lt\/lt\/rezervacija\/#breadcrumb\"},\"inLanguage\":\"lt-LT\",\"potentialAction\":[{\"@type\":\"ReadAction\",\"target\":[\"https:\/\/bddance.lt\/lt\/rezervacija\/\"]}]},{\"@type\":\"BreadcrumbList\",\"@id\":\"https:\/\/bddance.lt\/lt\/rezervacija\/#breadcrumb\",\"itemListElement\":[{\"@type\":\"ListItem\",\"position\":1,\"name\":\"Home\",\"item\":\"https:\/\/bddance.lt\/lt\/\"},{\"@type\":\"ListItem\",\"position\":2,\"name\":\"Rezervacija\"}]},{\"@type\":\"WebSite\",\"@id\":\"https:\/\/bddance.lt\/lt\/#website\",\"url\":\"https:\/\/bddance.lt\/lt\/\",\"name\":\"Dance shoes. Latin, classic, childrens, trainers shoes online shop.\",\"description\":\"\",\"potentialAction\":[{\"@type\":\"SearchAction\",\"target\":{\"@type\":\"EntryPoint\",\"urlTemplate\":\"https:\/\/bddance.lt\/lt\/?s={search_term_string}\"},\"query-input\":{\"@type\":\"PropertyValueSpecification\",\"valueRequired\":true,\"valueName\":\"search_term_string\"}}],\"inLanguage\":\"lt-LT\"}]}<\/script>\n<!-- \/ Yoast SEO plugin. -->","yoast_head_json":{"title":"Rezervacija - Dance shoes. Latin, classic, childrens, trainers shoes online shop.","robots":{"index":"index","follow":"follow","max-snippet":"max-snippet:-1","max-image-preview":"max-image-preview:large","max-video-preview":"max-video-preview:-1"},"canonical":"https:\/\/bddance.lt\/lt\/rezervacija\/","og_locale":"lt_LT","og_type":"article","og_title":"Rezervacija - Dance shoes. Latin, classic, childrens, trainers shoes online shop.","og_description":"Gerbiami klientai,Siekdami suteikti jums geriausias paslaugas, maloniai pra\u0161ome i\u0161 anksto rezervuoti susitikim\u0105:- 15 min (jei \u017einote savo dyd\u012f\/model\u012f)- 30 min (jei ne\u017einote savo dyd\u017eio\/modelio)- 60 min (jei norite \u012fsigyti daugiau nei 2 skirting\u0173 r\u016b\u0161i\u0173 bat\u0173 ir ne\u017einote dyd\u017eio\/modelio). D\u0117kojame u\u017e bendradarbiavim\u0105 Adresas: &#8222;KALVARIJU g. 143, Vilnius.","og_url":"https:\/\/bddance.lt\/lt\/rezervacija\/","og_site_name":"Dance shoes. Latin, classic, childrens, trainers shoes online shop.","article_modified_time":"2025-03-02T18:14:44+00:00","twitter_card":"summary_large_image","schema":{"@context":"https:\/\/schema.org","@graph":[{"@type":"WebPage","@id":"https:\/\/bddance.lt\/lt\/rezervacija\/","url":"https:\/\/bddance.lt\/lt\/rezervacija\/","name":"Rezervacija - Dance shoes. Latin, classic, childrens, trainers shoes online shop.","isPartOf":{"@id":"https:\/\/bddance.lt\/lt\/#website"},"datePublished":"2025-02-24T10:26:42+00:00","dateModified":"2025-03-02T18:14:44+00:00","breadcrumb":{"@id":"https:\/\/bddance.lt\/lt\/rezervacija\/#breadcrumb"},"inLanguage":"lt-LT","potentialAction":[{"@type":"ReadAction","target":["https:\/\/bddance.lt\/lt\/rezervacija\/"]}]},{"@type":"BreadcrumbList","@id":"https:\/\/bddance.lt\/lt\/rezervacija\/#breadcrumb","itemListElement":[{"@type":"ListItem","position":1,"name":"Home","item":"https:\/\/bddance.lt\/lt\/"},{"@type":"ListItem","position":2,"name":"Rezervacija"}]},{"@type":"WebSite","@id":"https:\/\/bddance.lt\/lt\/#website","url":"https:\/\/bddance.lt\/lt\/","name":"Dance shoes. Latin, classic, childrens, trainers shoes online shop.","description":"","potentialAction":[{"@type":"SearchAction","target":{"@type":"EntryPoint","urlTemplate":"https:\/\/bddance.lt\/lt\/?s={search_term_string}"},"query-input":{"@type":"PropertyValueSpecification","valueRequired":true,"valueName":"search_term_string"}}],"inLanguage":"lt-LT"}]}},"_links":{"self":[{"href":"https:\/\/bddance.lt\/lt\/wp-json\/wp\/v2\/pages\/9809","targetHints":{"allow":["GET"]}}],"collection":[{"href":"https:\/\/bddance.lt\/lt\/wp-json\/wp\/v2\/pages"}],"about":[{"href":"https:\/\/bddance.lt\/lt\/wp-json\/wp\/v2\/types\/page"}],"author":[{"embeddable":true,"href":"https:\/\/bddance.lt\/lt\/wp-json\/wp\/v2\/users\/1"}],"replies":[{"embeddable":true,"href":"https:\/\/bddance.lt\/lt\/wp-json\/wp\/v2\/comments?post=9809"}],"version-history":[{"count":2,"href":"https:\/\/bddance.lt\/lt\/wp-json\/wp\/v2\/pages\/9809\/revisions"}],"predecessor-version":[{"id":9816,"href":"https:\/\/bddance.lt\/lt\/wp-json\/wp\/v2\/pages\/9809\/revisions\/9816"}],"wp:attachment":[{"href":"https:\/\/bddance.lt\/lt\/wp-json\/wp\/v2\/media?parent=9809"}],"curies":[{"name":"wp","href":"https:\/\/api.w.org\/{rel}","templated":true}]}}