{"id":9823,"date":"2025-02-17T08:46:18","date_gmt":"2025-02-17T08:46:18","guid":{"rendered":"https:\/\/bddance.lt\/grazinimas-arba-keitimas\/"},"modified":"2025-11-23T17:53:43","modified_gmt":"2025-11-23T17:53:43","slug":"grazinimas-arba-keitimas","status":"publish","type":"page","link":"https:\/\/bddance.lt\/lt\/grazinimas-arba-keitimas\/","title":{"rendered":"Gr\u0105\u017einimo instrukcijos"},"content":{"rendered":"\n<p>Prek\u0117s priimamos tik gr\u0105\u017einimui ir kompensacijai (nekei\u010diamos)<\/p>\n\n<h2 class=\"wp-block-heading\">Gr\u0105\u017einimas OMNIVA siunt\u0173 automatais\/kurjeriais (tik Lietuvoje, Estijoje, Latvijoje)<\/h2>\n\n<ol class=\"wp-block-list\">\n<li>U\u017epildykite gr\u0105\u017einimo form\u0105: <a href=\"http:\/\/grazinimai.omniva.lt\/parduotuves\/bd-dance-lietuva\">http:\/\/grazinimai.omniva.lt\/parduotuves\/bd-dance-lietuva<\/a><\/li>\n\n\n\n<li>  I\u0161 s\u0105ra\u0161o pasirinkite BD dance Lietuva<\/li>\n<\/ol>\n\n<p>3. Supakuokite gr\u0105\u017einam\u0105 prek\u0119 ir \u012fd\u0117kite j\u0105 \u012f &#8222;Omniva\" siunt\u0173 ma\u0161inas<\/p>\n\n<p>4. Pinigai u\u017e gr\u0105\u017einamas prekes pervedami per 14 darbo dien\u0173 nuo preki\u0173 pristatymo \u012f el. parduotuv\u0119.<br\/>Gr\u0105\u017einimo paslaugos kaina: nuo 2,15 \u20ac.<\/p>\n\n<p>Gr\u0105\u017einimo pakuot\u0117s reikalavimai: ne ma\u017eesn\u0117 kaip 2x9x14 cm ir ne didesn\u0117 kaip 38x64x39 cm. Did\u017eiausias gr\u0105\u017einamo siuntinio svoris: 30 kg. <\/p>\n\n<h2 class=\"wp-block-heading\">Gr\u0105\u017einimas (likusi Europa ir kitos \u0161alys):<\/h2>\n\n<p><strong>Atsipra\u0161ome, automatinio gr\u0105\u017einimo paslauga yra laikinai rekonstruojama.<\/strong><\/p>\n\n<p><strong>SVARBIAUSI I\u0160SIUNTIMO INSTRUKCIJOS<\/strong>:<br\/>Prekes, kurias norite gr\u0105\u017einti, si\u0173skite per siunt\u0173 terminal\u0105 arba per kurjer\u012f, naudodamiesi patikimo siunt\u0173 pristatymo paslaug\u0173 teik\u0117jo paslaugomis.<\/p>\n\n<p>Si\u0173sdami prekes \u012f m\u016bs\u0173 parduotuv\u0119, visada nurodykite m\u016bs\u0173 kontaktin\u012f numer\u012f ir el. pa\u0161to adres\u0105.Jei \u0161i\u0173 duomen\u0173 nebus, siunta gali b\u016bti prarasta ir mes negal\u0117sime gr\u0105\u017einti pinig\u0173.<\/p>\n\n<p>Kai prek\u0117 bus i\u0161si\u0173sta, el. pa\u0161tu, &#8222;WhatsApp\" arba &#8222;Facebook Messenger\" pateikite mums sekimo numer\u012f.<\/p>\n\n<p><strong>Adresas:<\/strong><\/p>\n\n<p><strong>Kalvarij\u0173 g. 143 (BD \u0161oki\u0173 parduotuv\u0117), Vilnius, LT-08352, Lietuva, +3061428581   <\/strong><a href=\"mailto:shop@bddance.lt\"><strong>shop@bddance.lt<\/strong><\/a><strong> www.bddance.lt FB: BD Dance Lietuva<\/strong><\/p>\n\n<p>Gr\u0105\u017einimo paslaugos mokestis: nuo 2,15 \u20ac<\/p>\n\n<p><strong>Gr\u0105\u017einimas u\u017e gr\u0105\u017eintas prekes bus \u012fvykdytas per 14 darbo dien\u0173 nuo preki\u0173 pristatymo \u012f internetin\u0119 parduotuv\u0119.<\/strong><\/p>\n\n<p><strong>Gr\u0105\u017einimo i\u0161laidas turi padengti klientas.  <\/strong><\/p>\n\n<p><strong>Mes neatsakome u\u017e daiktus, prarastus gr\u0105\u017einimo proceso metu.  <\/strong><\/p>\n\n<p>M\u016bs\u0173 gr\u0105\u017einimo forma galioja 14 dien\u0173 nuo pristatymo datos. Jei pra\u0117jo daugiau nei 14 dien\u0173, deja, negalime gr\u0105\u017einti pinig\u0173 arba pakeisti prek\u0117s. Kad prek\u0119 b\u016bt\u0173 galima gr\u0105\u017einti, ji turi b\u016bti ned\u0117v\u0117ta, nesugadinta ir tokios pat b\u016bkl\u0117s, kokios j\u0105 gavote. Prek\u0117 turi b\u016bti gr\u0105\u017einama originalioje pakuot\u0117je, be joki\u0173 pa\u017eeidim\u0173. Negr\u0105\u017einame ir nekei\u010diame pagal u\u017esakym\u0105 pagamint\u0173 daikt\u0173, i\u0161skyrus atvejus, kai daiktas turi gamybos defekt\u0105. Jei \u0161i\u0173 nurodym\u0173 nesilaikoma, deja, negal\u0117sime pakeisti ar gr\u0105\u017einti pinig\u0173.       <\/p>\n\n<h2 class=\"wp-block-heading\"><\/h2>\n\n<h2 class=\"wp-block-heading\"><strong>Kaip gr\u0105\u017einti parduotuv\u0117s BD DANCE Lietuva siuntas per Omniva pa\u0161tomatus?<\/strong><\/h2>\n\n<ol class=\"wp-block-list\">\n<li>U\u017epildykite preki\u0173 gr\u0105\u017einimo form\u0105: <a href=\"https:\/\/grazinimai.omniva.lt\/parduotuves\/bd-dance-lietuva\">grazinimai.omniva.lt\/parduotuves\/bd-dance-lietuva<\/a><\/li>\n\n\n\n<li>Pasirinkite BD \u0161ok\u012f Lietuva i\u0161 parduotuvi\u0173 sara\u0161o.<\/li>\n\n\n\n<li>Supakuokite gr\u0105\u017einam\u0105 prek\u0119 ir \u012fd\u0117kite \u012f Omniva pa\u0161tomat\u0105.<\/li>\n\n\n\n<li>Pinigai u\u017e gr\u0105\u017eintas prekes pervedami per 14 darbo dien\u0173 nuo tada, kai prek\u0117s pristatomos e-parduotuvei .<\/li>\n<\/ol>\n\n<p>Gr\u0105\u017einimo paslaug\u0173 kaina: nuo 2,15 Eur<\/p>\n\n<p>Gr\u0105\u017einamos pakuot\u0117s reikalavimai: ne ma\u017eesn\u0117 nei 2x9x14 cm ir ne didesn\u0117 nei 38x64x39cm. Maksimalus gr\u0105\u017einamos siuntos svoris: 30 kg. <\/p>\n","protected":false},"excerpt":{"rendered":"<p>Prek\u0117s priimamos tik gr\u0105\u017einimui ir kompensacijai (nekei\u010diamos) Gr\u0105\u017einimas OMNIVA siunt\u0173 automatais\/kurjeriais (tik Lietuvoje, Estijoje, Latvijoje) 3. Supakuokite gr\u0105\u017einam\u0105 prek\u0119 ir \u012fd\u0117kite j\u0105 \u012f &#8222;Omniva\" siunt\u0173 ma\u0161inas 4. Pinigai u\u017e gr\u0105\u017einamas prekes pervedami per 14 darbo dien\u0173 nuo preki\u0173 pristatymo \u012f el. parduotuv\u0119.Gr\u0105\u017einimo paslaugos kaina: nuo 2,15 \u20ac. Gr\u0105\u017einimo pakuot\u0117s reikalavimai: ne ma\u017eesn\u0117 kaip 2x9x14 cm ir ne didesn\u0117 kaip 38x64x39\u2026<\/p>\n","protected":false},"author":1,"featured_media":0,"parent":0,"menu_order":0,"comment_status":"closed","ping_status":"closed","template":"","meta":{"footnotes":""},"class_list":["post-9823","page","type-page","status-publish","hentry"],"yoast_head":"<!-- This site is optimized with the Yoast SEO plugin v27.2 - https:\/\/yoast.com\/product\/yoast-seo-wordpress\/ -->\n<title>Gr\u0105\u017einimo instrukcijos - Dance shoes. Latin, classic, childrens, trainers shoes online shop.<\/title>\n<meta name=\"robots\" content=\"index, follow, max-snippet:-1, max-image-preview:large, max-video-preview:-1\" \/>\n<link rel=\"canonical\" href=\"https:\/\/bddance.lt\/lt\/grazinimas-arba-keitimas\/\" \/>\n<meta property=\"og:locale\" content=\"lt_LT\" \/>\n<meta property=\"og:type\" content=\"article\" \/>\n<meta property=\"og:title\" content=\"Gr\u0105\u017einimo instrukcijos - Dance shoes. Latin, classic, childrens, trainers shoes online shop.\" \/>\n<meta property=\"og:description\" content=\"Prek\u0117s priimamos tik gr\u0105\u017einimui ir kompensacijai (nekei\u010diamos) Gr\u0105\u017einimas OMNIVA siunt\u0173 automatais\/kurjeriais (tik Lietuvoje, Estijoje, Latvijoje) 3. Supakuokite gr\u0105\u017einam\u0105 prek\u0119 ir \u012fd\u0117kite j\u0105 \u012f &#8222;Omniva&quot; siunt\u0173 ma\u0161inas 4. Pinigai u\u017e gr\u0105\u017einamas prekes pervedami per 14 darbo dien\u0173 nuo preki\u0173 pristatymo \u012f el. parduotuv\u0119.Gr\u0105\u017einimo paslaugos kaina: nuo 2,15 \u20ac. Gr\u0105\u017einimo pakuot\u0117s reikalavimai: ne ma\u017eesn\u0117 kaip 2x9x14 cm ir ne didesn\u0117 kaip 38x64x39\u2026\" \/>\n<meta property=\"og:url\" content=\"https:\/\/bddance.lt\/lt\/grazinimas-arba-keitimas\/\" \/>\n<meta property=\"og:site_name\" content=\"Dance shoes. Latin, classic, childrens, trainers shoes online shop.\" \/>\n<meta property=\"article:modified_time\" content=\"2025-11-23T17:53:43+00:00\" \/>\n<meta name=\"twitter:card\" content=\"summary_large_image\" \/>\n<meta name=\"twitter:label1\" content=\"Est. reading time\" \/>\n\t<meta name=\"twitter:data1\" content=\"2 minut\u0117s\" \/>\n<script type=\"application\/ld+json\" class=\"yoast-schema-graph\">{\"@context\":\"https:\/\/schema.org\",\"@graph\":[{\"@type\":\"WebPage\",\"@id\":\"https:\/\/bddance.lt\/lt\/grazinimas-arba-keitimas\/\",\"url\":\"https:\/\/bddance.lt\/lt\/grazinimas-arba-keitimas\/\",\"name\":\"Gr\u0105\u017einimo instrukcijos - Dance shoes. Latin, classic, childrens, trainers shoes online shop.\",\"isPartOf\":{\"@id\":\"https:\/\/bddance.lt\/lt\/#website\"},\"datePublished\":\"2025-02-17T08:46:18+00:00\",\"dateModified\":\"2025-11-23T17:53:43+00:00\",\"breadcrumb\":{\"@id\":\"https:\/\/bddance.lt\/lt\/grazinimas-arba-keitimas\/#breadcrumb\"},\"inLanguage\":\"lt-LT\",\"potentialAction\":[{\"@type\":\"ReadAction\",\"target\":[\"https:\/\/bddance.lt\/lt\/grazinimas-arba-keitimas\/\"]}]},{\"@type\":\"BreadcrumbList\",\"@id\":\"https:\/\/bddance.lt\/lt\/grazinimas-arba-keitimas\/#breadcrumb\",\"itemListElement\":[{\"@type\":\"ListItem\",\"position\":1,\"name\":\"Home\",\"item\":\"https:\/\/bddance.lt\/lt\/\"},{\"@type\":\"ListItem\",\"position\":2,\"name\":\"Gr\u0105\u017einimo instrukcijos\"}]},{\"@type\":\"WebSite\",\"@id\":\"https:\/\/bddance.lt\/lt\/#website\",\"url\":\"https:\/\/bddance.lt\/lt\/\",\"name\":\"Dance shoes. Latin, classic, childrens, trainers shoes online shop.\",\"description\":\"\",\"potentialAction\":[{\"@type\":\"SearchAction\",\"target\":{\"@type\":\"EntryPoint\",\"urlTemplate\":\"https:\/\/bddance.lt\/lt\/?s={search_term_string}\"},\"query-input\":{\"@type\":\"PropertyValueSpecification\",\"valueRequired\":true,\"valueName\":\"search_term_string\"}}],\"inLanguage\":\"lt-LT\"}]}<\/script>\n<!-- \/ Yoast SEO plugin. -->","yoast_head_json":{"title":"Gr\u0105\u017einimo instrukcijos - Dance shoes. Latin, classic, childrens, trainers shoes online shop.","robots":{"index":"index","follow":"follow","max-snippet":"max-snippet:-1","max-image-preview":"max-image-preview:large","max-video-preview":"max-video-preview:-1"},"canonical":"https:\/\/bddance.lt\/lt\/grazinimas-arba-keitimas\/","og_locale":"lt_LT","og_type":"article","og_title":"Gr\u0105\u017einimo instrukcijos - Dance shoes. Latin, classic, childrens, trainers shoes online shop.","og_description":"Prek\u0117s priimamos tik gr\u0105\u017einimui ir kompensacijai (nekei\u010diamos) Gr\u0105\u017einimas OMNIVA siunt\u0173 automatais\/kurjeriais (tik Lietuvoje, Estijoje, Latvijoje) 3. Supakuokite gr\u0105\u017einam\u0105 prek\u0119 ir \u012fd\u0117kite j\u0105 \u012f &#8222;Omniva\" siunt\u0173 ma\u0161inas 4. Pinigai u\u017e gr\u0105\u017einamas prekes pervedami per 14 darbo dien\u0173 nuo preki\u0173 pristatymo \u012f el. parduotuv\u0119.Gr\u0105\u017einimo paslaugos kaina: nuo 2,15 \u20ac. Gr\u0105\u017einimo pakuot\u0117s reikalavimai: ne ma\u017eesn\u0117 kaip 2x9x14 cm ir ne didesn\u0117 kaip 38x64x39\u2026","og_url":"https:\/\/bddance.lt\/lt\/grazinimas-arba-keitimas\/","og_site_name":"Dance shoes. Latin, classic, childrens, trainers shoes online shop.","article_modified_time":"2025-11-23T17:53:43+00:00","twitter_card":"summary_large_image","twitter_misc":{"Est. reading time":"2 minut\u0117s"},"schema":{"@context":"https:\/\/schema.org","@graph":[{"@type":"WebPage","@id":"https:\/\/bddance.lt\/lt\/grazinimas-arba-keitimas\/","url":"https:\/\/bddance.lt\/lt\/grazinimas-arba-keitimas\/","name":"Gr\u0105\u017einimo instrukcijos - Dance shoes. Latin, classic, childrens, trainers shoes online shop.","isPartOf":{"@id":"https:\/\/bddance.lt\/lt\/#website"},"datePublished":"2025-02-17T08:46:18+00:00","dateModified":"2025-11-23T17:53:43+00:00","breadcrumb":{"@id":"https:\/\/bddance.lt\/lt\/grazinimas-arba-keitimas\/#breadcrumb"},"inLanguage":"lt-LT","potentialAction":[{"@type":"ReadAction","target":["https:\/\/bddance.lt\/lt\/grazinimas-arba-keitimas\/"]}]},{"@type":"BreadcrumbList","@id":"https:\/\/bddance.lt\/lt\/grazinimas-arba-keitimas\/#breadcrumb","itemListElement":[{"@type":"ListItem","position":1,"name":"Home","item":"https:\/\/bddance.lt\/lt\/"},{"@type":"ListItem","position":2,"name":"Gr\u0105\u017einimo instrukcijos"}]},{"@type":"WebSite","@id":"https:\/\/bddance.lt\/lt\/#website","url":"https:\/\/bddance.lt\/lt\/","name":"Dance shoes. Latin, classic, childrens, trainers shoes online shop.","description":"","potentialAction":[{"@type":"SearchAction","target":{"@type":"EntryPoint","urlTemplate":"https:\/\/bddance.lt\/lt\/?s={search_term_string}"},"query-input":{"@type":"PropertyValueSpecification","valueRequired":true,"valueName":"search_term_string"}}],"inLanguage":"lt-LT"}]}},"_links":{"self":[{"href":"https:\/\/bddance.lt\/lt\/wp-json\/wp\/v2\/pages\/9823","targetHints":{"allow":["GET"]}}],"collection":[{"href":"https:\/\/bddance.lt\/lt\/wp-json\/wp\/v2\/pages"}],"about":[{"href":"https:\/\/bddance.lt\/lt\/wp-json\/wp\/v2\/types\/page"}],"author":[{"embeddable":true,"href":"https:\/\/bddance.lt\/lt\/wp-json\/wp\/v2\/users\/1"}],"replies":[{"embeddable":true,"href":"https:\/\/bddance.lt\/lt\/wp-json\/wp\/v2\/comments?post=9823"}],"version-history":[{"count":5,"href":"https:\/\/bddance.lt\/lt\/wp-json\/wp\/v2\/pages\/9823\/revisions"}],"predecessor-version":[{"id":13443,"href":"https:\/\/bddance.lt\/lt\/wp-json\/wp\/v2\/pages\/9823\/revisions\/13443"}],"wp:attachment":[{"href":"https:\/\/bddance.lt\/lt\/wp-json\/wp\/v2\/media?parent=9823"}],"curies":[{"name":"wp","href":"https:\/\/api.w.org\/{rel}","templated":true}]}}