{"id":12868,"date":"2025-02-12T11:30:48","date_gmt":"2025-02-12T11:30:48","guid":{"rendered":"https:\/\/bddance.lt\/product\/sd2307-eco-leather-tan-65-cm-plonas\/"},"modified":"2026-03-10T11:05:39","modified_gmt":"2026-03-10T11:05:39","slug":"sd2307-eco-leather-tan-65-cm-plonas","status":"publish","type":"product","link":"https:\/\/bddance.lt\/lt\/product\/sd2307-eco-leather-tan-65-cm-plonas\/","title":{"rendered":"SD2307 &#8222;Eco Leather Tan\" (6,5 cm plonas)"},"content":{"rendered":"<p>BD &#8222;Soul dancer\" yra antroji BD \u0161oki\u0173 prek\u0117s \u017eenklo linija, si\u016blanti auk\u0161tos kokyb\u0117s batus u\u017e prieinam\u0105 kain\u0105. &#8222;Soul dancer\" bat\u0173 gamybai naudojama ta pati technologija kaip ir BD prek\u0117s \u017eenklo bat\u0173 gamybai, ta\u010diau d\u0117l to, kad vietoje nat\u016bralios odos naudojamos ekologi\u0161kos\/sintetin\u0117s med\u017eiagos ir paprastos pakuot\u0117s, galima suma\u017einti pardavimo kain\u0105. <\/p>\n","protected":false},"excerpt":{"rendered":"<p>BD &#8222;Soul dancer\" yra antroji BD \u0161oki\u0173 prek\u0117s \u017eenklo linija, si\u016blanti auk\u0161tos kokyb\u0117s batus u\u017e prieinam\u0105 kain\u0105. &#8222;Soul dancer\" bat\u0173 gamybai naudojama ta pati technologija kaip ir BD prek\u0117s \u017eenklo bat\u0173 gamybai, ta\u010diau d\u0117l to, kad vietoje nat\u016bralios odos naudojamos ekologi\u0161kos\/sintetin\u0117s med\u017eiagos ir paprastos pakuot\u0117s, galima suma\u017einti pardavimo kain\u0105. <\/p>\n","protected":false},"featured_media":9541,"template":"","meta":[],"product_brand":[],"product_cat":[348],"product_tag":[],"class_list":{"0":"post-12868","1":"product","2":"type-product","3":"status-publish","4":"has-post-thumbnail","6":"product_cat-ladies-latin-lt","8":"first","9":"instock","10":"shipping-taxable","11":"purchasable","12":"product-type-variable"},"yoast_head":"<!-- This site is optimized with the Yoast SEO plugin v27.2 - https:\/\/yoast.com\/product\/yoast-seo-wordpress\/ -->\n<title>SD2307 &quot;Eco Leather Tan&quot; (6,5 cm plonas) - Dance shoes. Latin, classic, childrens, trainers shoes online shop.<\/title>\n<meta name=\"robots\" content=\"index, follow, max-snippet:-1, max-image-preview:large, max-video-preview:-1\" \/>\n<link rel=\"canonical\" href=\"https:\/\/bddance.lt\/lt\/product\/sd2307-eco-leather-tan-65-cm-plonas\/\" \/>\n<meta property=\"og:locale\" content=\"lt_LT\" \/>\n<meta property=\"og:type\" content=\"article\" \/>\n<meta property=\"og:title\" content=\"SD2307 &quot;Eco Leather Tan&quot; (6,5 cm plonas) - Dance shoes. Latin, classic, childrens, trainers shoes online shop.\" \/>\n<meta property=\"og:description\" content=\"BD &quot;Soul dancer&quot; yra antroji BD \u0161oki\u0173 prek\u0117s \u017eenklo linija, si\u016blanti auk\u0161tos kokyb\u0117s batus u\u017e prieinam\u0105 kain\u0105. &quot;Soul dancer&quot; bat\u0173 gamybai naudojama ta pati technologija kaip ir BD prek\u0117s \u017eenklo bat\u0173 gamybai, ta\u010diau d\u0117l to, kad vietoje nat\u016bralios odos naudojamos ekologi\u0161kos\/sintetin\u0117s med\u017eiagos ir paprastos pakuot\u0117s, galima suma\u017einti pardavimo kain\u0105.\" \/>\n<meta property=\"og:url\" content=\"https:\/\/bddance.lt\/lt\/product\/sd2307-eco-leather-tan-65-cm-plonas\/\" \/>\n<meta property=\"og:site_name\" content=\"Dance shoes. Latin, classic, childrens, trainers shoes online shop.\" \/>\n<meta property=\"article:modified_time\" content=\"2026-03-10T11:05:39+00:00\" \/>\n<meta property=\"og:image\" content=\"https:\/\/bddance.lt\/wp-content\/uploads\/2025\/01\/SD-2307-eco-leather-tan-EH-9-65-cm-slim-scaled-1.jpg\" \/>\n\t<meta property=\"og:image:width\" content=\"1600\" \/>\n\t<meta property=\"og:image:height\" content=\"1600\" \/>\n\t<meta property=\"og:image:type\" content=\"image\/jpeg\" \/>\n<meta name=\"twitter:card\" content=\"summary_large_image\" \/>\n<script type=\"application\/ld+json\" class=\"yoast-schema-graph\">{\"@context\":\"https:\/\/schema.org\",\"@graph\":[{\"@type\":\"WebPage\",\"@id\":\"https:\/\/bddance.lt\/lt\/product\/sd2307-eco-leather-tan-65-cm-plonas\/\",\"url\":\"https:\/\/bddance.lt\/lt\/product\/sd2307-eco-leather-tan-65-cm-plonas\/\",\"name\":\"SD2307 \\\"Eco Leather Tan\\\" (6,5 cm plonas) - Dance shoes. Latin, classic, childrens, trainers shoes online shop.\",\"isPartOf\":{\"@id\":\"https:\/\/bddance.lt\/lt\/#website\"},\"primaryImageOfPage\":{\"@id\":\"https:\/\/bddance.lt\/lt\/product\/sd2307-eco-leather-tan-65-cm-plonas\/#primaryimage\"},\"image\":{\"@id\":\"https:\/\/bddance.lt\/lt\/product\/sd2307-eco-leather-tan-65-cm-plonas\/#primaryimage\"},\"thumbnailUrl\":\"https:\/\/bddance.lt\/wp-content\/uploads\/2025\/01\/SD-2307-eco-leather-tan-EH-9-65-cm-slim-scaled-1.jpg\",\"datePublished\":\"2025-02-12T11:30:48+00:00\",\"dateModified\":\"2026-03-10T11:05:39+00:00\",\"breadcrumb\":{\"@id\":\"https:\/\/bddance.lt\/lt\/product\/sd2307-eco-leather-tan-65-cm-plonas\/#breadcrumb\"},\"inLanguage\":\"lt-LT\",\"potentialAction\":[{\"@type\":\"ReadAction\",\"target\":[\"https:\/\/bddance.lt\/lt\/product\/sd2307-eco-leather-tan-65-cm-plonas\/\"]}]},{\"@type\":\"ImageObject\",\"inLanguage\":\"lt-LT\",\"@id\":\"https:\/\/bddance.lt\/lt\/product\/sd2307-eco-leather-tan-65-cm-plonas\/#primaryimage\",\"url\":\"https:\/\/bddance.lt\/wp-content\/uploads\/2025\/01\/SD-2307-eco-leather-tan-EH-9-65-cm-slim-scaled-1.jpg\",\"contentUrl\":\"https:\/\/bddance.lt\/wp-content\/uploads\/2025\/01\/SD-2307-eco-leather-tan-EH-9-65-cm-slim-scaled-1.jpg\",\"width\":1600,\"height\":1600},{\"@type\":\"BreadcrumbList\",\"@id\":\"https:\/\/bddance.lt\/lt\/product\/sd2307-eco-leather-tan-65-cm-plonas\/#breadcrumb\",\"itemListElement\":[{\"@type\":\"ListItem\",\"position\":1,\"name\":\"Home\",\"item\":\"https:\/\/bddance.lt\/lt\/\"},{\"@type\":\"ListItem\",\"position\":2,\"name\":\"Parduotuv\u0117\",\"item\":\"https:\/\/bddance.lt\/lt\/parduotuve\/\"},{\"@type\":\"ListItem\",\"position\":3,\"name\":\"SD2307 &#8222;Eco Leather Tan&#8221; (6,5 cm plonas)\"}]},{\"@type\":\"WebSite\",\"@id\":\"https:\/\/bddance.lt\/lt\/#website\",\"url\":\"https:\/\/bddance.lt\/lt\/\",\"name\":\"Dance shoes. Latin, classic, childrens, trainers shoes online shop.\",\"description\":\"\",\"potentialAction\":[{\"@type\":\"SearchAction\",\"target\":{\"@type\":\"EntryPoint\",\"urlTemplate\":\"https:\/\/bddance.lt\/lt\/?s={search_term_string}\"},\"query-input\":{\"@type\":\"PropertyValueSpecification\",\"valueRequired\":true,\"valueName\":\"search_term_string\"}}],\"inLanguage\":\"lt-LT\"}]}<\/script>\n<!-- \/ Yoast SEO plugin. -->","yoast_head_json":{"title":"SD2307 \"Eco Leather Tan\" (6,5 cm plonas) - Dance shoes. Latin, classic, childrens, trainers shoes online shop.","robots":{"index":"index","follow":"follow","max-snippet":"max-snippet:-1","max-image-preview":"max-image-preview:large","max-video-preview":"max-video-preview:-1"},"canonical":"https:\/\/bddance.lt\/lt\/product\/sd2307-eco-leather-tan-65-cm-plonas\/","og_locale":"lt_LT","og_type":"article","og_title":"SD2307 \"Eco Leather Tan\" (6,5 cm plonas) - Dance shoes. Latin, classic, childrens, trainers shoes online shop.","og_description":"BD \"Soul dancer\" yra antroji BD \u0161oki\u0173 prek\u0117s \u017eenklo linija, si\u016blanti auk\u0161tos kokyb\u0117s batus u\u017e prieinam\u0105 kain\u0105. \"Soul dancer\" bat\u0173 gamybai naudojama ta pati technologija kaip ir BD prek\u0117s \u017eenklo bat\u0173 gamybai, ta\u010diau d\u0117l to, kad vietoje nat\u016bralios odos naudojamos ekologi\u0161kos\/sintetin\u0117s med\u017eiagos ir paprastos pakuot\u0117s, galima suma\u017einti pardavimo kain\u0105.","og_url":"https:\/\/bddance.lt\/lt\/product\/sd2307-eco-leather-tan-65-cm-plonas\/","og_site_name":"Dance shoes. Latin, classic, childrens, trainers shoes online shop.","article_modified_time":"2026-03-10T11:05:39+00:00","og_image":[{"width":1600,"height":1600,"url":"https:\/\/bddance.lt\/wp-content\/uploads\/2025\/01\/SD-2307-eco-leather-tan-EH-9-65-cm-slim-scaled-1.jpg","type":"image\/jpeg"}],"twitter_card":"summary_large_image","schema":{"@context":"https:\/\/schema.org","@graph":[{"@type":"WebPage","@id":"https:\/\/bddance.lt\/lt\/product\/sd2307-eco-leather-tan-65-cm-plonas\/","url":"https:\/\/bddance.lt\/lt\/product\/sd2307-eco-leather-tan-65-cm-plonas\/","name":"SD2307 \"Eco Leather Tan\" (6,5 cm plonas) - Dance shoes. Latin, classic, childrens, trainers shoes online shop.","isPartOf":{"@id":"https:\/\/bddance.lt\/lt\/#website"},"primaryImageOfPage":{"@id":"https:\/\/bddance.lt\/lt\/product\/sd2307-eco-leather-tan-65-cm-plonas\/#primaryimage"},"image":{"@id":"https:\/\/bddance.lt\/lt\/product\/sd2307-eco-leather-tan-65-cm-plonas\/#primaryimage"},"thumbnailUrl":"https:\/\/bddance.lt\/wp-content\/uploads\/2025\/01\/SD-2307-eco-leather-tan-EH-9-65-cm-slim-scaled-1.jpg","datePublished":"2025-02-12T11:30:48+00:00","dateModified":"2026-03-10T11:05:39+00:00","breadcrumb":{"@id":"https:\/\/bddance.lt\/lt\/product\/sd2307-eco-leather-tan-65-cm-plonas\/#breadcrumb"},"inLanguage":"lt-LT","potentialAction":[{"@type":"ReadAction","target":["https:\/\/bddance.lt\/lt\/product\/sd2307-eco-leather-tan-65-cm-plonas\/"]}]},{"@type":"ImageObject","inLanguage":"lt-LT","@id":"https:\/\/bddance.lt\/lt\/product\/sd2307-eco-leather-tan-65-cm-plonas\/#primaryimage","url":"https:\/\/bddance.lt\/wp-content\/uploads\/2025\/01\/SD-2307-eco-leather-tan-EH-9-65-cm-slim-scaled-1.jpg","contentUrl":"https:\/\/bddance.lt\/wp-content\/uploads\/2025\/01\/SD-2307-eco-leather-tan-EH-9-65-cm-slim-scaled-1.jpg","width":1600,"height":1600},{"@type":"BreadcrumbList","@id":"https:\/\/bddance.lt\/lt\/product\/sd2307-eco-leather-tan-65-cm-plonas\/#breadcrumb","itemListElement":[{"@type":"ListItem","position":1,"name":"Home","item":"https:\/\/bddance.lt\/lt\/"},{"@type":"ListItem","position":2,"name":"Parduotuv\u0117","item":"https:\/\/bddance.lt\/lt\/parduotuve\/"},{"@type":"ListItem","position":3,"name":"SD2307 &#8222;Eco Leather Tan&#8221; (6,5 cm plonas)"}]},{"@type":"WebSite","@id":"https:\/\/bddance.lt\/lt\/#website","url":"https:\/\/bddance.lt\/lt\/","name":"Dance shoes. Latin, classic, childrens, trainers shoes online shop.","description":"","potentialAction":[{"@type":"SearchAction","target":{"@type":"EntryPoint","urlTemplate":"https:\/\/bddance.lt\/lt\/?s={search_term_string}"},"query-input":{"@type":"PropertyValueSpecification","valueRequired":true,"valueName":"search_term_string"}}],"inLanguage":"lt-LT"}]}},"_links":{"self":[{"href":"https:\/\/bddance.lt\/lt\/wp-json\/wp\/v2\/product\/12868","targetHints":{"allow":["GET"]}}],"collection":[{"href":"https:\/\/bddance.lt\/lt\/wp-json\/wp\/v2\/product"}],"about":[{"href":"https:\/\/bddance.lt\/lt\/wp-json\/wp\/v2\/types\/product"}],"wp:featuredmedia":[{"embeddable":true,"href":"https:\/\/bddance.lt\/lt\/wp-json\/wp\/v2\/media\/9541"}],"wp:attachment":[{"href":"https:\/\/bddance.lt\/lt\/wp-json\/wp\/v2\/media?parent=12868"}],"wp:term":[{"taxonomy":"product_brand","embeddable":true,"href":"https:\/\/bddance.lt\/lt\/wp-json\/wp\/v2\/product_brand?post=12868"},{"taxonomy":"product_cat","embeddable":true,"href":"https:\/\/bddance.lt\/lt\/wp-json\/wp\/v2\/product_cat?post=12868"},{"taxonomy":"product_tag","embeddable":true,"href":"https:\/\/bddance.lt\/lt\/wp-json\/wp\/v2\/product_tag?post=12868"}],"curies":[{"name":"wp","href":"https:\/\/api.w.org\/{rel}","templated":true}]}}