{"id":13139,"date":"2025-09-18T10:31:52","date_gmt":"2025-09-18T10:31:52","guid":{"rendered":"https:\/\/bddance.lt\/product\/bd-499-odinis-juodas\/"},"modified":"2026-01-16T15:41:52","modified_gmt":"2026-01-16T15:41:52","slug":"bd-499-odinis-juodas","status":"publish","type":"product","link":"https:\/\/bddance.lt\/lt\/product\/bd-499-odinis-juodas\/","title":{"rendered":"BD 499 oda juodas"},"content":{"rendered":"<p>&nbsp;<\/p>\n<p>499 modelis Specialiai sukurtas Malthe Brinch Rohde, garsios Danijos Lotyn\u0173 Amerikos \u0161ok\u0117jos, \u0161is batelis sujungia na\u0161um\u0105 ir elegancij\u0105. \u0160ie bateliai pasi\u017eymi sustiprinta lanko atrama, prigludusiu, pritaikytu prie k\u016bno sud\u0117jimu ir minimalistiniu dizainu be priekini\u0173 sag\u010di\u0173, tod\u0117l \u0161oki\u0173 aik\u0161tel\u0117je u\u017etikrina ir patogum\u0105, ir eleganti\u0161k\u0105 stili\u0173. <\/p>\n","protected":false},"excerpt":{"rendered":"<p>&nbsp; 499 modelis Specialiai sukurtas Malthe Brinch Rohde, garsios Danijos Lotyn\u0173 Amerikos \u0161ok\u0117jos, \u0161is batelis sujungia na\u0161um\u0105 ir elegancij\u0105. \u0160ie bateliai pasi\u017eymi sustiprinta lanko atrama, prigludusiu, pritaikytu prie k\u016bno sud\u0117jimu ir minimalistiniu dizainu be priekini\u0173 sag\u010di\u0173, tod\u0117l \u0161oki\u0173 aik\u0161tel\u0117je u\u017etikrina ir patogum\u0105, ir eleganti\u0161k\u0105 stili\u0173.<\/p>\n","protected":false},"featured_media":12632,"template":"","meta":[],"product_brand":[],"product_cat":[363,352],"product_tag":[],"class_list":{"0":"post-13139","1":"product","2":"type-product","3":"status-publish","4":"has-post-thumbnail","6":"product_cat-men-lt-2","7":"product_cat-men-latin-lt","9":"first","10":"instock","11":"shipping-taxable","12":"purchasable","13":"product-type-variable"},"yoast_head":"<!-- This site is optimized with the Yoast SEO plugin v27.2 - https:\/\/yoast.com\/product\/yoast-seo-wordpress\/ -->\n<title>BD 499 oda juodas - Dance shoes. Latin, classic, childrens, trainers shoes online shop.<\/title>\n<meta name=\"robots\" content=\"index, follow, max-snippet:-1, max-image-preview:large, max-video-preview:-1\" \/>\n<link rel=\"canonical\" href=\"https:\/\/bddance.lt\/lt\/product\/bd-499-odinis-juodas\/\" \/>\n<meta property=\"og:locale\" content=\"lt_LT\" \/>\n<meta property=\"og:type\" content=\"article\" \/>\n<meta property=\"og:title\" content=\"BD 499 oda juodas - Dance shoes. Latin, classic, childrens, trainers shoes online shop.\" \/>\n<meta property=\"og:description\" content=\"&nbsp; 499 modelis Specialiai sukurtas Malthe Brinch Rohde, garsios Danijos Lotyn\u0173 Amerikos \u0161ok\u0117jos, \u0161is batelis sujungia na\u0161um\u0105 ir elegancij\u0105. \u0160ie bateliai pasi\u017eymi sustiprinta lanko atrama, prigludusiu, pritaikytu prie k\u016bno sud\u0117jimu ir minimalistiniu dizainu be priekini\u0173 sag\u010di\u0173, tod\u0117l \u0161oki\u0173 aik\u0161tel\u0117je u\u017etikrina ir patogum\u0105, ir eleganti\u0161k\u0105 stili\u0173.\" \/>\n<meta property=\"og:url\" content=\"https:\/\/bddance.lt\/lt\/product\/bd-499-odinis-juodas\/\" \/>\n<meta property=\"og:site_name\" content=\"Dance shoes. Latin, classic, childrens, trainers shoes online shop.\" \/>\n<meta property=\"article:modified_time\" content=\"2026-01-16T15:41:52+00:00\" \/>\n<meta property=\"og:image\" content=\"https:\/\/bddance.lt\/wp-content\/uploads\/2025\/09\/499-leaher-scaled.jpg\" \/>\n\t<meta property=\"og:image:width\" content=\"2560\" \/>\n\t<meta property=\"og:image:height\" content=\"2560\" \/>\n\t<meta property=\"og:image:type\" content=\"image\/jpeg\" \/>\n<meta name=\"twitter:card\" content=\"summary_large_image\" \/>\n<script type=\"application\/ld+json\" class=\"yoast-schema-graph\">{\"@context\":\"https:\/\/schema.org\",\"@graph\":[{\"@type\":\"WebPage\",\"@id\":\"https:\/\/bddance.lt\/lt\/product\/bd-499-odinis-juodas\/\",\"url\":\"https:\/\/bddance.lt\/lt\/product\/bd-499-odinis-juodas\/\",\"name\":\"BD 499 oda juodas - Dance shoes. Latin, classic, childrens, trainers shoes online shop.\",\"isPartOf\":{\"@id\":\"https:\/\/bddance.lt\/lt\/#website\"},\"primaryImageOfPage\":{\"@id\":\"https:\/\/bddance.lt\/lt\/product\/bd-499-odinis-juodas\/#primaryimage\"},\"image\":{\"@id\":\"https:\/\/bddance.lt\/lt\/product\/bd-499-odinis-juodas\/#primaryimage\"},\"thumbnailUrl\":\"https:\/\/bddance.lt\/wp-content\/uploads\/2025\/09\/499-leaher-scaled.jpg\",\"datePublished\":\"2025-09-18T10:31:52+00:00\",\"dateModified\":\"2026-01-16T15:41:52+00:00\",\"breadcrumb\":{\"@id\":\"https:\/\/bddance.lt\/lt\/product\/bd-499-odinis-juodas\/#breadcrumb\"},\"inLanguage\":\"lt-LT\",\"potentialAction\":[{\"@type\":\"ReadAction\",\"target\":[\"https:\/\/bddance.lt\/lt\/product\/bd-499-odinis-juodas\/\"]}]},{\"@type\":\"ImageObject\",\"inLanguage\":\"lt-LT\",\"@id\":\"https:\/\/bddance.lt\/lt\/product\/bd-499-odinis-juodas\/#primaryimage\",\"url\":\"https:\/\/bddance.lt\/wp-content\/uploads\/2025\/09\/499-leaher-scaled.jpg\",\"contentUrl\":\"https:\/\/bddance.lt\/wp-content\/uploads\/2025\/09\/499-leaher-scaled.jpg\",\"width\":2560,\"height\":2560},{\"@type\":\"BreadcrumbList\",\"@id\":\"https:\/\/bddance.lt\/lt\/product\/bd-499-odinis-juodas\/#breadcrumb\",\"itemListElement\":[{\"@type\":\"ListItem\",\"position\":1,\"name\":\"Home\",\"item\":\"https:\/\/bddance.lt\/lt\/\"},{\"@type\":\"ListItem\",\"position\":2,\"name\":\"Parduotuv\u0117\",\"item\":\"https:\/\/bddance.lt\/lt\/parduotuve\/\"},{\"@type\":\"ListItem\",\"position\":3,\"name\":\"BD 499 oda juodas\"}]},{\"@type\":\"WebSite\",\"@id\":\"https:\/\/bddance.lt\/lt\/#website\",\"url\":\"https:\/\/bddance.lt\/lt\/\",\"name\":\"Dance shoes. Latin, classic, childrens, trainers shoes online shop.\",\"description\":\"\",\"potentialAction\":[{\"@type\":\"SearchAction\",\"target\":{\"@type\":\"EntryPoint\",\"urlTemplate\":\"https:\/\/bddance.lt\/lt\/?s={search_term_string}\"},\"query-input\":{\"@type\":\"PropertyValueSpecification\",\"valueRequired\":true,\"valueName\":\"search_term_string\"}}],\"inLanguage\":\"lt-LT\"}]}<\/script>\n<!-- \/ Yoast SEO plugin. -->","yoast_head_json":{"title":"BD 499 oda juodas - Dance shoes. Latin, classic, childrens, trainers shoes online shop.","robots":{"index":"index","follow":"follow","max-snippet":"max-snippet:-1","max-image-preview":"max-image-preview:large","max-video-preview":"max-video-preview:-1"},"canonical":"https:\/\/bddance.lt\/lt\/product\/bd-499-odinis-juodas\/","og_locale":"lt_LT","og_type":"article","og_title":"BD 499 oda juodas - Dance shoes. Latin, classic, childrens, trainers shoes online shop.","og_description":"&nbsp; 499 modelis Specialiai sukurtas Malthe Brinch Rohde, garsios Danijos Lotyn\u0173 Amerikos \u0161ok\u0117jos, \u0161is batelis sujungia na\u0161um\u0105 ir elegancij\u0105. \u0160ie bateliai pasi\u017eymi sustiprinta lanko atrama, prigludusiu, pritaikytu prie k\u016bno sud\u0117jimu ir minimalistiniu dizainu be priekini\u0173 sag\u010di\u0173, tod\u0117l \u0161oki\u0173 aik\u0161tel\u0117je u\u017etikrina ir patogum\u0105, ir eleganti\u0161k\u0105 stili\u0173.","og_url":"https:\/\/bddance.lt\/lt\/product\/bd-499-odinis-juodas\/","og_site_name":"Dance shoes. Latin, classic, childrens, trainers shoes online shop.","article_modified_time":"2026-01-16T15:41:52+00:00","og_image":[{"width":2560,"height":2560,"url":"https:\/\/bddance.lt\/wp-content\/uploads\/2025\/09\/499-leaher-scaled.jpg","type":"image\/jpeg"}],"twitter_card":"summary_large_image","schema":{"@context":"https:\/\/schema.org","@graph":[{"@type":"WebPage","@id":"https:\/\/bddance.lt\/lt\/product\/bd-499-odinis-juodas\/","url":"https:\/\/bddance.lt\/lt\/product\/bd-499-odinis-juodas\/","name":"BD 499 oda juodas - Dance shoes. Latin, classic, childrens, trainers shoes online shop.","isPartOf":{"@id":"https:\/\/bddance.lt\/lt\/#website"},"primaryImageOfPage":{"@id":"https:\/\/bddance.lt\/lt\/product\/bd-499-odinis-juodas\/#primaryimage"},"image":{"@id":"https:\/\/bddance.lt\/lt\/product\/bd-499-odinis-juodas\/#primaryimage"},"thumbnailUrl":"https:\/\/bddance.lt\/wp-content\/uploads\/2025\/09\/499-leaher-scaled.jpg","datePublished":"2025-09-18T10:31:52+00:00","dateModified":"2026-01-16T15:41:52+00:00","breadcrumb":{"@id":"https:\/\/bddance.lt\/lt\/product\/bd-499-odinis-juodas\/#breadcrumb"},"inLanguage":"lt-LT","potentialAction":[{"@type":"ReadAction","target":["https:\/\/bddance.lt\/lt\/product\/bd-499-odinis-juodas\/"]}]},{"@type":"ImageObject","inLanguage":"lt-LT","@id":"https:\/\/bddance.lt\/lt\/product\/bd-499-odinis-juodas\/#primaryimage","url":"https:\/\/bddance.lt\/wp-content\/uploads\/2025\/09\/499-leaher-scaled.jpg","contentUrl":"https:\/\/bddance.lt\/wp-content\/uploads\/2025\/09\/499-leaher-scaled.jpg","width":2560,"height":2560},{"@type":"BreadcrumbList","@id":"https:\/\/bddance.lt\/lt\/product\/bd-499-odinis-juodas\/#breadcrumb","itemListElement":[{"@type":"ListItem","position":1,"name":"Home","item":"https:\/\/bddance.lt\/lt\/"},{"@type":"ListItem","position":2,"name":"Parduotuv\u0117","item":"https:\/\/bddance.lt\/lt\/parduotuve\/"},{"@type":"ListItem","position":3,"name":"BD 499 oda juodas"}]},{"@type":"WebSite","@id":"https:\/\/bddance.lt\/lt\/#website","url":"https:\/\/bddance.lt\/lt\/","name":"Dance shoes. Latin, classic, childrens, trainers shoes online shop.","description":"","potentialAction":[{"@type":"SearchAction","target":{"@type":"EntryPoint","urlTemplate":"https:\/\/bddance.lt\/lt\/?s={search_term_string}"},"query-input":{"@type":"PropertyValueSpecification","valueRequired":true,"valueName":"search_term_string"}}],"inLanguage":"lt-LT"}]}},"_links":{"self":[{"href":"https:\/\/bddance.lt\/lt\/wp-json\/wp\/v2\/product\/13139","targetHints":{"allow":["GET"]}}],"collection":[{"href":"https:\/\/bddance.lt\/lt\/wp-json\/wp\/v2\/product"}],"about":[{"href":"https:\/\/bddance.lt\/lt\/wp-json\/wp\/v2\/types\/product"}],"wp:featuredmedia":[{"embeddable":true,"href":"https:\/\/bddance.lt\/lt\/wp-json\/wp\/v2\/media\/12632"}],"wp:attachment":[{"href":"https:\/\/bddance.lt\/lt\/wp-json\/wp\/v2\/media?parent=13139"}],"wp:term":[{"taxonomy":"product_brand","embeddable":true,"href":"https:\/\/bddance.lt\/lt\/wp-json\/wp\/v2\/product_brand?post=13139"},{"taxonomy":"product_cat","embeddable":true,"href":"https:\/\/bddance.lt\/lt\/wp-json\/wp\/v2\/product_cat?post=13139"},{"taxonomy":"product_tag","embeddable":true,"href":"https:\/\/bddance.lt\/lt\/wp-json\/wp\/v2\/product_tag?post=13139"}],"curies":[{"name":"wp","href":"https:\/\/api.w.org\/{rel}","templated":true}]}}